{"id":97,"date":"2019-11-13T08:33:52","date_gmt":"2019-11-13T07:33:52","guid":{"rendered":"https:\/\/la-freelancerie.fr\/fr\/?page_id=97"},"modified":"2023-06-28T15:35:24","modified_gmt":"2023-06-28T13:35:24","slug":"formations","status":"publish","type":"page","link":"https:\/\/la-freelancerie.fr\/fr\/formations\/","title":{"rendered":"ATELIERS ET FORMATIONS"},"content":{"rendered":"\n<style type=\"text\/css\" data-created_by=\"avia_inline_auto\" id=\"style-css-av-9namd-145c2007a9852540960b51133cb0f67c\">\n.avia-section.av-9namd-145c2007a9852540960b51133cb0f67c .av-parallax .av-parallax-inner{\nbackground-repeat:no-repeat;\nbackground-image:url(https:\/\/la-freelancerie.fr\/fr\/wp-content\/uploads\/2020\/01\/conseils-strategie-communication-la-freelancerie-nantes-reze-pornic-vendee-angers-rennes-3.jpg);\nbackground-position:50% 50%;\nbackground-attachment:scroll;\n}\n<\/style>\n<div id='av_section_1'  class='avia-section av-9namd-145c2007a9852540960b51133cb0f67c main_color avia-section-default avia-no-shadow  avia-builder-el-0  el_before_av_section  avia-builder-el-first  avia-full-stretch av-parallax-section avia-bg-style-parallax container_wrap fullsize'  data-section-bg-repeat='stretch'><div class='av-parallax' data-avia-parallax-ratio='0.3' ><div class='av-parallax-inner main_color avia-full-stretch'><\/div><\/div><div class='container av-section-cont-open' ><main  role=\"main\" itemprop=\"mainContentOfPage\"  class='template-page content  av-content-full alpha units'><div class='post-entry post-entry-type-page post-entry-97'><div class='entry-content-wrapper clearfix'>\n<section  class='av_textblock_section av-ljfgztlf-ddc92780b6d4dea6f574a37ecf6bcedb'  itemscope=\"itemscope\" itemtype=\"https:\/\/schema.org\/CreativeWork\" ><div class='avia_textblock'  itemprop=\"text\" ><h1 style=\"text-align: center;\"><span style=\"font-size: 24pt; font-family: poppins-black; color: #ffffff;\">Ateliers et Formations<\/span><\/h1>\n<\/div><\/section>\n\n<\/div><\/div><\/main><!-- close content main element --><\/div><\/div><div id='av_section_2'  class='avia-section av-90bm5-6007203832d7e576b2c563e85998745a main_color avia-section-default avia-no-border-styling  avia-builder-el-2  el_after_av_section  el_before_av_section  avia-bg-style-scroll container_wrap fullsize'  ><div class='container av-section-cont-open' ><div class='template-page content  av-content-full alpha units'><div class='post-entry post-entry-type-page post-entry-97'><div class='entry-content-wrapper clearfix'>\n<section  class='av_textblock_section av-ljfh0m7o-51555a7dcc279960f9a457b9253f0bf2'  itemscope=\"itemscope\" itemtype=\"https:\/\/schema.org\/CreativeWork\" ><div class='avia_textblock'  itemprop=\"text\" ><p><span style=\"font-family: poppins-black; font-size: 14pt;\">POURQUOI ?<\/span><\/p>\n<p><span style=\"font-size: 12pt; font-family: poppins-light;\">La p\u00e9dagogie fait parti d\u2019un \u00e9l\u00e9ment essentiel dans notre collectif.<\/span><\/p>\n<p><span style=\"font-size: 12pt; font-family: poppins-light;\">Nos valeurs \u00ab donner et recevoir \u00bb nous permettent de mener des ateliers sur diverses th\u00e9matiques et de proposer des formations personnalis\u00e9es. Au del\u00e0 de d\u00e9velopper tes comp\u00e9tences, nous avons \u00e0 c\u0153ur de te montrer <strong>le vrai r\u00f4le de la communication<\/strong>. La formation te permettra de comprendre chaque action r\u00e9alis\u00e9e.<\/span><\/p>\n<p><span style=\"font-size: 12pt; font-family: poppins-light;\">Notre objectif est que tu puisses repartir booster \u00e0<strong> 200%<\/strong> en repartant de nos formations \/ ateliers.<\/span><\/p>\n<\/div><\/section>\n\n<\/div><\/div><\/div><!-- close content main div --><\/div><\/div>\n<style type=\"text\/css\" data-created_by=\"avia_inline_auto\" id=\"style-css-av-8lgl1-5da1db618a8ba51e0c3406a0dbbdecdb\">\n.avia-section.av-8lgl1-5da1db618a8ba51e0c3406a0dbbdecdb{\nbackground-color:#a6d3b9;\n}\n<\/style>\n<div id='av_section_3'  class='avia-section av-8lgl1-5da1db618a8ba51e0c3406a0dbbdecdb main_color avia-section-default avia-no-border-styling  avia-builder-el-4  el_after_av_section  el_before_av_section  avia-bg-style-scroll container_wrap fullsize'  ><div class='container av-section-cont-open' ><div class='template-page content  av-content-full alpha units'><div class='post-entry post-entry-type-page post-entry-97'><div class='entry-content-wrapper clearfix'>\n<section  class='av_textblock_section av-ljfh17rk-588cb3c0d801aa8f30953208ae465d7c'  itemscope=\"itemscope\" itemtype=\"https:\/\/schema.org\/CreativeWork\" ><div class='avia_textblock'  itemprop=\"text\" ><p><span style=\"font-family: poppins-black; font-size: 14pt;\">COMMENT ?<\/span><\/p>\n<p><span style=\"font-family: poppins-light; font-size: 12pt;\">Nos sp\u00e9cialit\u00e9s tournent autour du digital et de la communication 360\u00b0. Dans chacun de nos savoir-faire que ce soit dans la cr\u00e9ation ou dans la strat\u00e9gie, nous proposons<strong> diff\u00e9rents parcours de coaching<\/strong> afin que tu puisses gagner en autonomie sur le d\u00e9veloppement de ton activit\u00e9.<\/span><\/p>\n<p><span style=\"font-family: poppins-light; font-size: 12pt;\">Avant tout de chose, avant de se former, il est important de comprendre le r\u00f4le de la communication. Le r\u00f4le de f\u00e9d\u00e9rateur qui permet de rassembler autour de toi, des personnes qui croient en ton projet.<\/span><\/p>\n<p><span style=\"font-family: poppins-light; font-size: 12pt;\">Au del\u00e0 de la communication, nous proposons \u00e9galement des ateliers autour du sujet du Freelancing. Diff\u00e9rentes th\u00e9matiques autour du mindset Freelance.<\/span><\/p>\n<p><strong><span style=\"font-family: poppins-light; font-size: 12pt;\">Nous sommes passionn\u00e9s par la communication et l\u2019entrepreneuriat.<\/span><\/strong><\/p>\n<\/div><\/section>\n\n<\/div><\/div><\/div><!-- close content main div --><\/div><\/div><div id='av_section_4'  class='avia-section av-874ot-0c0b29e6fdfe5e3c5fbd16427cedfe5e main_color avia-section-default avia-no-border-styling  avia-builder-el-6  el_after_av_section  el_before_av_section  avia-bg-style-scroll container_wrap fullsize'  ><div class='container av-section-cont-open' ><div class='template-page content  av-content-full alpha units'><div class='post-entry post-entry-type-page post-entry-97'><div class='entry-content-wrapper clearfix'>\n<section  class='av_textblock_section av-ljfh1r8g-7e128cb701d72592bf05faaeee8cf24b'  itemscope=\"itemscope\" itemtype=\"https:\/\/schema.org\/CreativeWork\" ><div class='avia_textblock'  itemprop=\"text\" ><p><span style=\"font-family: poppins-black; font-size: 14pt;\">QUOI ?<\/span><\/p>\n<p><span style=\"font-size: 12pt; font-family: poppins-light;\">Nos derniers ateliers \/ conf\u00e9rences :<\/span><\/p>\n<ul>\n<li><span style=\"font-size: 12pt; font-family: poppins-light;\">Les cl\u00e9s d\u2019une communication r\u00e9ussie (2023 \u00e0 Pornic)<\/span><\/li>\n<li><span style=\"font-size: 12pt; font-family: poppins-light;\">Les nouveaux modes de travail (2023 \u00e0 Pont Saint Martin)<\/span><\/li>\n<li><span style=\"font-size: 12pt; font-family: poppins-light;\">D\u00e9finir ta raison d\u2019\u00eatre (2022 \u00e0 Nantes)<\/span><\/li>\n<li><span style=\"font-size: 12pt; font-family: poppins-light;\">Cr\u00e9er du contenu sur Linkedin (2022 \u00e0 Nantes)<\/span><\/li>\n<li><span style=\"font-size: 12pt; font-family: poppins-light;\">Les tendances de la communication en 2023 (2023 \u00e0 Nantes)<\/span><\/li>\n<li><span style=\"font-size: 12pt; font-family: poppins-light;\">Appr\u00e9hender le syndrome de l\u2019imposteur (2022 \u00e0 Rez\u00e9)<\/span><\/li>\n<li><span style=\"font-size: 12pt; font-family: poppins-light;\">Valoriser les \u00e9checs dans ta communication (2022 \u00e0 Sainte Pazanne)<\/span><\/li>\n<li><span style=\"font-size: 12pt; font-family: poppins-light;\">Les bases de la communication (2021 \u00e0 Pornic)<\/span><\/li>\n<li><span style=\"font-size: 12pt; font-family: poppins-light;\">La communication : Visuel \/ Vid\u00e9o \/ Pub (2022 \u00e0 Nantes)<\/span><\/li>\n<li><span style=\"font-size: 12pt; font-family: poppins-light;\">Le concept du Storytelling (2020 \u00e0 La Roche sur Yon)<\/span><\/li>\n<\/ul>\n<p><span style=\"font-size: 12pt; font-family: poppins-light;\">Selon la th\u00e9matique abord\u00e9e, nous concevons un atelier sur-mesure en fonction du public pr\u00e9sent. L\u2019id\u00e9e est de cr\u00e9er un \u00e9change interactif et ludique.<\/span><\/p>\n<\/div><\/section>\n\n<\/div><\/div><\/div><!-- close content main div --><\/div><\/div>\n<style type=\"text\/css\" data-created_by=\"avia_inline_auto\" id=\"style-css-av-av_section-8e0265b15965e8e3cf28cf0f58111d36\">\n.avia-section.av-av_section-8e0265b15965e8e3cf28cf0f58111d36 .av-parallax .av-parallax-inner{\nbackground-repeat:no-repeat;\nbackground-image:url(https:\/\/la-freelancerie.fr\/fr\/wp-content\/uploads\/2021\/10\/la-freelancerie-agence-de-communication-nantes-vendee-pornic-rennes-angers-scaled.jpg);\nbackground-position:50% 0%;\nbackground-attachment:scroll;\n}\n.avia-section.av-av_section-8e0265b15965e8e3cf28cf0f58111d36 .av-section-color-overlay{\nopacity:0.8;\nbackground-color:#a6d3b9;\n}\n<\/style>\n<div id='av_section_5'  class='avia-section av-av_section-8e0265b15965e8e3cf28cf0f58111d36 main_color avia-section-default avia-no-border-styling  avia-builder-el-8  el_after_av_section  avia-builder-el-last  av-parallax-section avia-bg-style-parallax av-section-color-overlay-active av-minimum-height av-minimum-height-custom  container_wrap fullsize'  data-section-bg-repeat='no-repeat'><div class='av-parallax' data-avia-parallax-ratio='0.3' ><div class='av-parallax-inner main_color avia-full-stretch'><\/div><\/div><div class='av-section-color-overlay-wrap'><div class=\"av-section-color-overlay\"><\/div><div class='container av-section-cont-open' style='height:400px'><div class='template-page content  av-content-full alpha units'><div class='post-entry post-entry-type-page post-entry-97'><div class='entry-content-wrapper clearfix'>\n\n<style type=\"text\/css\" data-created_by=\"avia_inline_auto\" id=\"style-css-av-av_one_half-a6db8fe9dec15cfe34ca20699babb6a9\">\n.flex_column.av-av_one_half-a6db8fe9dec15cfe34ca20699babb6a9{\nborder-radius:0px 0px 0px 0px;\n-webkit-border-radius:0px 0px 0px 0px;\n-moz-border-radius:0px 0px 0px 0px;\n}\n<\/style>\n<div class='flex_column av-av_one_half-a6db8fe9dec15cfe34ca20699babb6a9 av_one_half  avia-builder-el-9  el_before_av_one_half  avia-builder-el-first  first flex_column_div av-zero-column-padding '   ><section  class='av_textblock_section av-av_textblock-e878f05c31dff72941bf1e49a00d9ff5'  itemscope=\"itemscope\" itemtype=\"https:\/\/schema.org\/CreativeWork\" ><div class='avia_textblock'  itemprop=\"text\" ><p style=\"text-align: center;\"><span style=\"font-size: 14pt;\"><span style=\"font-family: poppins-black;\">Suis LA FREELANCERIE sur les r\u00e9seaux sociaux<\/span><span style=\"font-family: poppins-medium;\">,<\/span><br \/>\n<span style=\"font-family: poppins-light;\">D\u00e9couvre nos actualit\u00e9s !<\/span><\/span><\/p>\n<\/div><\/section><br \/>\n<div  class='avia-buttonrow-wrap av-av_buttonrow-c1f5867b7ffc00948c28bb6b86477409 avia-buttonrow-center  avia-builder-el-11  el_after_av_textblock  avia-builder-el-last '>\n\n<style type=\"text\/css\" data-created_by=\"avia_inline_auto\" id=\"style-css-av-av_buttonrow_item-ebce393ccc6329f3b08e8349a52d8755\">\n#top #wrap_all .avia-button.av-av_buttonrow_item-ebce393ccc6329f3b08e8349a52d8755{\nborder-style:none;\nborder-width:0 0 0 0;\ntransition:all 0.4s ease-in-out;\n-webkit-transition:all 0.4s ease-in-out;\n-moz-transition:all 0.4s ease-in-out;\n-ms-transition:all 0.4s ease-in-out;\n-o-transition:all 0.4s ease-in-out;\nmargin-bottom:5px;\nmargin-right:3px;\nmargin-left:3px;\n}\n<\/style>\n<a href='https:\/\/www.linkedin.com\/company\/la-freelancerie' class='avia-button av-av_buttonrow_item-ebce393ccc6329f3b08e8349a52d8755 avia-icon_select-yes-left-icon avia-size-medium av-icon-on-hover avia-color-white' target=\"_blank\" rel=\"noopener noreferrer\"><span class='avia_button_icon avia_button_icon_left ' aria-hidden='true' data-av_icon='\ue8fd' data-av_iconfont='entypo-fontello'><\/span><span class='avia_iconbox_title' >Linkedin<\/span><\/a>\n\n<style type=\"text\/css\" data-created_by=\"avia_inline_auto\" id=\"style-css-av-av_buttonrow_item-509242b7312d9705c672367fd601fad6\">\n#top #wrap_all .avia-button.av-av_buttonrow_item-509242b7312d9705c672367fd601fad6{\nborder-style:none;\nborder-width:0 0 0 0;\ntransition:all 0.4s ease-in-out;\n-webkit-transition:all 0.4s ease-in-out;\n-moz-transition:all 0.4s ease-in-out;\n-ms-transition:all 0.4s ease-in-out;\n-o-transition:all 0.4s ease-in-out;\nmargin-bottom:5px;\nmargin-right:3px;\nmargin-left:3px;\n}\n<\/style>\n<a href='https:\/\/www.facebook.com\/lafreelancerie\/' class='avia-button av-av_buttonrow_item-509242b7312d9705c672367fd601fad6 avia-icon_select-yes-left-icon avia-size-medium av-icon-on-hover avia-color-white' target=\"_blank\" rel=\"noopener noreferrer\"><span class='avia_button_icon avia_button_icon_left ' aria-hidden='true' data-av_icon='\ue8f4' data-av_iconfont='entypo-fontello'><\/span><span class='avia_iconbox_title' >Facebook<\/span><\/a>\n\n<style type=\"text\/css\" data-created_by=\"avia_inline_auto\" id=\"style-css-av-av_buttonrow_item-b0bc77168e50a6632596a03f00cdd04c\">\n#top #wrap_all .avia-button.av-av_buttonrow_item-b0bc77168e50a6632596a03f00cdd04c{\nborder-style:none;\nborder-width:0 0 0 0;\ntransition:all 0.4s ease-in-out;\n-webkit-transition:all 0.4s ease-in-out;\n-moz-transition:all 0.4s ease-in-out;\n-ms-transition:all 0.4s ease-in-out;\n-o-transition:all 0.4s ease-in-out;\nmargin-bottom:5px;\nmargin-right:3px;\nmargin-left:3px;\n}\n<\/style>\n<a href='https:\/\/www.instagram.com\/lafreelancerie' class='avia-button av-av_buttonrow_item-b0bc77168e50a6632596a03f00cdd04c avia-icon_select-yes-left-icon avia-size-medium av-icon-on-hover avia-color-white' target=\"_blank\" rel=\"noopener noreferrer\"><span class='avia_button_icon avia_button_icon_left ' aria-hidden='true' data-av_icon='\ue909' data-av_iconfont='entypo-fontello'><\/span><span class='avia_iconbox_title' >Instagram<\/span><\/a>\n<\/div><\/p><\/div>\n<style type=\"text\/css\" data-created_by=\"avia_inline_auto\" id=\"style-css-av-av_one_half-03b1b3871a8c17d3082733911134fe85\">\n.flex_column.av-av_one_half-03b1b3871a8c17d3082733911134fe85{\nborder-radius:0px 0px 0px 0px;\n-webkit-border-radius:0px 0px 0px 0px;\n-moz-border-radius:0px 0px 0px 0px;\n}\n<\/style>\n<div class='flex_column av-av_one_half-03b1b3871a8c17d3082733911134fe85 av_one_half  avia-builder-el-12  el_after_av_one_half  avia-builder-el-last  flex_column_div av-zero-column-padding '   ><section  class='av_textblock_section av-av_textblock-e878f05c31dff72941bf1e49a00d9ff5'  itemscope=\"itemscope\" itemtype=\"https:\/\/schema.org\/CreativeWork\" ><div class='avia_textblock'  itemprop=\"text\" ><p style=\"text-align: center;\"><span style=\"font-size: 14pt;\"><span style=\"font-family: poppins-black;\">Nous t&rsquo;aidons \u00e0 avoir une premi\u00e8re vision<br \/>\n<span style=\"font-family: poppins-light;\">de ton besoin.<\/span><\/span><br \/>\n<\/span><\/p>\n<\/div><\/section><br \/>\n<div  class='avia-buttonrow-wrap av-av_buttonrow-c1f5867b7ffc00948c28bb6b86477409 avia-buttonrow-center  avia-builder-el-14  el_after_av_textblock  avia-builder-el-last '>\n\n<style type=\"text\/css\" data-created_by=\"avia_inline_auto\" id=\"style-css-av-av_buttonrow_item-aa0d9e600f8827edfd1a223d1b0e482d\">\n#top #wrap_all .avia-button.av-av_buttonrow_item-aa0d9e600f8827edfd1a223d1b0e482d{\nborder-style:none;\nborder-width:0 0 0 0;\ntransition:all 0.4s ease-in-out;\n-webkit-transition:all 0.4s ease-in-out;\n-moz-transition:all 0.4s ease-in-out;\n-ms-transition:all 0.4s ease-in-out;\n-o-transition:all 0.4s ease-in-out;\nmargin-bottom:5px;\nmargin-right:3px;\nmargin-left:3px;\n}\n<\/style>\n<a href='https:\/\/la-freelancerie.fr\/fr\/devis-en-ligne\/'  class='avia-button av-av_buttonrow_item-aa0d9e600f8827edfd1a223d1b0e482d avia-icon_select-yes-left-icon avia-size-medium av-icon-on-hover avia-color-white'  ><span class='avia_button_icon avia_button_icon_left ' aria-hidden='true' data-av_icon='\ue806' data-av_iconfont='entypo-fontello'><\/span><span class='avia_iconbox_title' >Devis en ligne<\/span><\/a>\n\n<style type=\"text\/css\" data-created_by=\"avia_inline_auto\" id=\"style-css-av-av_buttonrow_item-4c13b7b3c44f1f28c80aef41067bad34\">\n#top #wrap_all .avia-button.av-av_buttonrow_item-4c13b7b3c44f1f28c80aef41067bad34{\nborder-style:none;\nborder-width:0 0 0 0;\ntransition:all 0.4s ease-in-out;\n-webkit-transition:all 0.4s ease-in-out;\n-moz-transition:all 0.4s ease-in-out;\n-ms-transition:all 0.4s ease-in-out;\n-o-transition:all 0.4s ease-in-out;\nmargin-bottom:5px;\nmargin-right:3px;\nmargin-left:3px;\n}\n<\/style>\n<a href='https:\/\/la-freelancerie.fr\/fr\/contact\/'  class='avia-button av-av_buttonrow_item-4c13b7b3c44f1f28c80aef41067bad34 avia-icon_select-yes-left-icon avia-size-medium av-icon-on-hover avia-color-white'  target=\"_blank\"  rel=\"noopener noreferrer\" ><span class='avia_button_icon avia_button_icon_left ' aria-hidden='true' data-av_icon='\ue807' data-av_iconfont='entypo-fontello'><\/span><span class='avia_iconbox_title' >Nous contacter<\/span><\/a>\n<\/div><\/p><\/div>\n\n","protected":false},"excerpt":{"rendered":"","protected":false},"author":1,"featured_media":0,"parent":0,"menu_order":0,"comment_status":"closed","ping_status":"closed","template":"","meta":{"footnotes":""},"yoast_head":"<!-- This site is optimized with the Yoast SEO plugin v22.4 - https:\/\/yoast.com\/wordpress\/plugins\/seo\/ -->\n<title>Ateliers et Formations | Communication | Digital Web | Nantes<\/title>\n<meta name=\"description\" content=\"Ateliers, Coaching et Formations dans le domaine de la communication, web, graphisme, r\u00e9alisation vid\u00e9o, webmarketing. Nantes \/ Pays de Retz\" \/>\n<meta name=\"robots\" content=\"index, follow, max-snippet:-1, max-image-preview:large, max-video-preview:-1\" \/>\n<link rel=\"canonical\" href=\"https:\/\/la-freelancerie.fr\/formations\/\" \/>\n<meta property=\"og:locale\" content=\"fr_FR\" \/>\n<meta property=\"og:type\" content=\"article\" \/>\n<meta property=\"og:title\" content=\"Ateliers et Formations | Communication | Digital Web | Nantes\" \/>\n<meta property=\"og:description\" content=\"Ateliers, Coaching et Formations dans le domaine de la communication, web, graphisme, r\u00e9alisation vid\u00e9o, webmarketing. Nantes \/ Pays de Retz\" \/>\n<meta property=\"og:url\" content=\"https:\/\/la-freelancerie.fr\/formations\/\" \/>\n<meta property=\"og:site_name\" content=\"LA FREELANCERIE\" \/>\n<meta property=\"article:modified_time\" content=\"2023-06-28T13:35:24+00:00\" \/>\n<meta name=\"twitter:card\" content=\"summary_large_image\" \/>\n<meta name=\"twitter:label1\" content=\"Dur\u00e9e de lecture estim\u00e9e\" \/>\n\t<meta name=\"twitter:data1\" content=\"6 minutes\" \/>\n<script type=\"application\/ld+json\" class=\"yoast-schema-graph\">{\"@context\":\"https:\/\/schema.org\",\"@graph\":[{\"@type\":\"WebPage\",\"@id\":\"https:\/\/la-freelancerie.fr\/formations\/\",\"url\":\"https:\/\/la-freelancerie.fr\/formations\/\",\"name\":\"Ateliers et Formations | Communication | Digital Web | Nantes\",\"isPartOf\":{\"@id\":\"https:\/\/la-freelancerie.fr\/fr\/#website\"},\"datePublished\":\"2019-11-13T07:33:52+00:00\",\"dateModified\":\"2023-06-28T13:35:24+00:00\",\"description\":\"Ateliers, Coaching et Formations dans le domaine de la communication, web, graphisme, r\u00e9alisation vid\u00e9o, webmarketing. Nantes \/ Pays de Retz\",\"breadcrumb\":{\"@id\":\"https:\/\/la-freelancerie.fr\/formations\/#breadcrumb\"},\"inLanguage\":\"fr-FR\",\"potentialAction\":[{\"@type\":\"ReadAction\",\"target\":[\"https:\/\/la-freelancerie.fr\/formations\/\"]}]},{\"@type\":\"BreadcrumbList\",\"@id\":\"https:\/\/la-freelancerie.fr\/formations\/#breadcrumb\",\"itemListElement\":[{\"@type\":\"ListItem\",\"position\":1,\"name\":\"Accueil\",\"item\":\"https:\/\/la-freelancerie.fr\/la-freelancerie\/\"},{\"@type\":\"ListItem\",\"position\":2,\"name\":\"ATELIERS ET FORMATIONS\"}]},{\"@type\":\"WebSite\",\"@id\":\"https:\/\/la-freelancerie.fr\/fr\/#website\",\"url\":\"https:\/\/la-freelancerie.fr\/fr\/\",\"name\":\"LA FREELANCERIE\",\"description\":\"Communication\",\"potentialAction\":[{\"@type\":\"SearchAction\",\"target\":{\"@type\":\"EntryPoint\",\"urlTemplate\":\"https:\/\/la-freelancerie.fr\/fr\/?s={search_term_string}\"},\"query-input\":\"required name=search_term_string\"}],\"inLanguage\":\"fr-FR\"}]}<\/script>\n<!-- \/ Yoast SEO plugin. -->","yoast_head_json":{"title":"Ateliers et Formations | Communication | Digital Web | Nantes","description":"Ateliers, Coaching et Formations dans le domaine de la communication, web, graphisme, r\u00e9alisation vid\u00e9o, webmarketing. Nantes \/ Pays de Retz","robots":{"index":"index","follow":"follow","max-snippet":"max-snippet:-1","max-image-preview":"max-image-preview:large","max-video-preview":"max-video-preview:-1"},"canonical":"https:\/\/la-freelancerie.fr\/formations\/","og_locale":"fr_FR","og_type":"article","og_title":"Ateliers et Formations | Communication | Digital Web | Nantes","og_description":"Ateliers, Coaching et Formations dans le domaine de la communication, web, graphisme, r\u00e9alisation vid\u00e9o, webmarketing. Nantes \/ Pays de Retz","og_url":"https:\/\/la-freelancerie.fr\/formations\/","og_site_name":"LA FREELANCERIE","article_modified_time":"2023-06-28T13:35:24+00:00","twitter_card":"summary_large_image","twitter_misc":{"Dur\u00e9e de lecture estim\u00e9e":"6 minutes"},"schema":{"@context":"https:\/\/schema.org","@graph":[{"@type":"WebPage","@id":"https:\/\/la-freelancerie.fr\/formations\/","url":"https:\/\/la-freelancerie.fr\/formations\/","name":"Ateliers et Formations | Communication | Digital Web | Nantes","isPartOf":{"@id":"https:\/\/la-freelancerie.fr\/fr\/#website"},"datePublished":"2019-11-13T07:33:52+00:00","dateModified":"2023-06-28T13:35:24+00:00","description":"Ateliers, Coaching et Formations dans le domaine de la communication, web, graphisme, r\u00e9alisation vid\u00e9o, webmarketing. Nantes \/ Pays de Retz","breadcrumb":{"@id":"https:\/\/la-freelancerie.fr\/formations\/#breadcrumb"},"inLanguage":"fr-FR","potentialAction":[{"@type":"ReadAction","target":["https:\/\/la-freelancerie.fr\/formations\/"]}]},{"@type":"BreadcrumbList","@id":"https:\/\/la-freelancerie.fr\/formations\/#breadcrumb","itemListElement":[{"@type":"ListItem","position":1,"name":"Accueil","item":"https:\/\/la-freelancerie.fr\/la-freelancerie\/"},{"@type":"ListItem","position":2,"name":"ATELIERS ET FORMATIONS"}]},{"@type":"WebSite","@id":"https:\/\/la-freelancerie.fr\/fr\/#website","url":"https:\/\/la-freelancerie.fr\/fr\/","name":"LA FREELANCERIE","description":"Communication","potentialAction":[{"@type":"SearchAction","target":{"@type":"EntryPoint","urlTemplate":"https:\/\/la-freelancerie.fr\/fr\/?s={search_term_string}"},"query-input":"required name=search_term_string"}],"inLanguage":"fr-FR"}]}},"_links":{"self":[{"href":"https:\/\/la-freelancerie.fr\/fr\/wp-json\/wp\/v2\/pages\/97"}],"collection":[{"href":"https:\/\/la-freelancerie.fr\/fr\/wp-json\/wp\/v2\/pages"}],"about":[{"href":"https:\/\/la-freelancerie.fr\/fr\/wp-json\/wp\/v2\/types\/page"}],"author":[{"embeddable":true,"href":"https:\/\/la-freelancerie.fr\/fr\/wp-json\/wp\/v2\/users\/1"}],"replies":[{"embeddable":true,"href":"https:\/\/la-freelancerie.fr\/fr\/wp-json\/wp\/v2\/comments?post=97"}],"version-history":[{"count":23,"href":"https:\/\/la-freelancerie.fr\/fr\/wp-json\/wp\/v2\/pages\/97\/revisions"}],"predecessor-version":[{"id":2436,"href":"https:\/\/la-freelancerie.fr\/fr\/wp-json\/wp\/v2\/pages\/97\/revisions\/2436"}],"wp:attachment":[{"href":"https:\/\/la-freelancerie.fr\/fr\/wp-json\/wp\/v2\/media?parent=97"}],"curies":[{"name":"wp","href":"https:\/\/api.w.org\/{rel}","templated":true}]}}