{"id":81,"date":"2019-11-13T08:30:31","date_gmt":"2019-11-13T07:30:31","guid":{"rendered":"https:\/\/la-freelancerie.fr\/fr\/?page_id=81"},"modified":"2023-06-28T15:40:57","modified_gmt":"2023-06-28T13:40:57","slug":"contact","status":"publish","type":"page","link":"https:\/\/la-freelancerie.fr\/fr\/contact\/","title":{"rendered":"CONTACT"},"content":{"rendered":"\n<style type=\"text\/css\" data-created_by=\"avia_inline_auto\" id=\"style-css-av-k88q9-e26b78efd6b3426a644bc5cb1c12b55c\">\n.avia-section.av-k88q9-e26b78efd6b3426a644bc5cb1c12b55c .av-parallax .av-parallax-inner{\nbackground-repeat:no-repeat;\nbackground-image:url(https:\/\/la-freelancerie.fr\/fr\/wp-content\/uploads\/2019\/12\/contact-la-freelancerie-freelance-nantes-pornic-reze-larochesuryon.jpg);\nbackground-position:50% 50%;\nbackground-attachment:scroll;\n}\n<\/style>\n<div id='av_section_1'  class='avia-section av-k88q9-e26b78efd6b3426a644bc5cb1c12b55c main_color avia-section-default avia-no-shadow  avia-builder-el-0  el_before_av_one_half  avia-builder-el-first  avia-full-stretch av-parallax-section avia-bg-style-parallax container_wrap fullsize'  data-section-bg-repeat='stretch'><div class='av-parallax' data-avia-parallax-ratio='0.3' ><div class='av-parallax-inner main_color avia-full-stretch'><\/div><\/div><div class='container av-section-cont-open' ><main  role=\"main\" itemprop=\"mainContentOfPage\"  class='template-page content  av-content-full alpha units'><div class='post-entry post-entry-type-page post-entry-81'><div class='entry-content-wrapper clearfix'>\n<section  class='av_textblock_section av-ixdrp-bd232c36ac0bc3966e58fb52c09f25c5'  itemscope=\"itemscope\" itemtype=\"https:\/\/schema.org\/CreativeWork\" ><div class='avia_textblock'  itemprop=\"text\" ><h1 style=\"text-align: center;\"><span style=\"font-size: 24pt; font-family: poppins-black; color: #ffffff;\">Prendre un caf\u00e9 avec nous !<\/span><\/h1>\n<\/div><\/section>\n<\/div><\/div><\/main><!-- close content main element --><\/div><\/div><div id='after_section_1'  class='main_color av_default_container_wrap container_wrap fullsize'  ><div class='container av-section-cont-open' ><div class='template-page content  av-content-full alpha units'><div class='post-entry post-entry-type-page post-entry-81'><div class='entry-content-wrapper clearfix'>\n\n<style type=\"text\/css\" data-created_by=\"avia_inline_auto\" id=\"style-css-av-h17r9-0bdbb0c94c42d11316c4e804c837f0b7\">\n.flex_column.av-h17r9-0bdbb0c94c42d11316c4e804c837f0b7{\nborder-radius:0px 0px 0px 0px;\n-webkit-border-radius:0px 0px 0px 0px;\n-moz-border-radius:0px 0px 0px 0px;\n}\n<\/style>\n<div class='flex_column av-h17r9-0bdbb0c94c42d11316c4e804c837f0b7 av_one_half  avia-builder-el-2  el_after_av_section  el_before_av_one_half  avia-builder-el-first  first flex_column_div av-zero-column-padding '   ><section  class='av_textblock_section av-gmxpp-4ebe3613bb3fa5d24c85a1af0ca1a307'  itemscope=\"itemscope\" itemtype=\"https:\/\/schema.org\/CreativeWork\" ><div class='avia_textblock'  itemprop=\"text\" ><h2><span style=\"font-family: poppins-black; font-size: 24pt;\">Contacte-nous !<\/span><\/h2>\n<hr \/>\n<p><span style=\"font-family: poppins-light; font-size: 12pt;\">Une question ? Un projet ? Envie de nous rencontrer ? Envie d&rsquo;en savoir plus sur notre fonctionnement unique ? Rencontrons-nous !<\/span><\/p>\n<h2><\/h2>\n<\/div><\/section><br \/>\n\n<style type=\"text\/css\" data-created_by=\"avia_inline_auto\" id=\"style-css-av-1k6ld-97dd708670ba987df059bc47ee9c8bd4\">\n.avia-image-container.av-1k6ld-97dd708670ba987df059bc47ee9c8bd4 .av-image-caption-overlay-center{\ncolor:#ffffff;\n}\n<\/style>\n<div  class='avia-image-container av-1k6ld-97dd708670ba987df059bc47ee9c8bd4 av-styling- avia-align-center  avia-builder-el-4  el_after_av_textblock  avia-builder-el-last  av-small-hide av-mini-hide'  itemprop=\"image\" itemscope=\"itemscope\" itemtype=\"https:\/\/schema.org\/ImageObject\" ><div class=\"avia-image-container-inner\"><div class=\"avia-image-overlay-wrap\"><img decoding=\"async\" class='wp-image-248 avia-img-lazy-loading-not-248 avia_image' src=\"https:\/\/la-freelancerie.fr\/fr\/wp-content\/uploads\/2019\/12\/thought-catalog-505eectW54k-unsplash-845x684.jpg\" alt='Contact - La Freelancerie - R\u00e9seau de communication - Nantes - Pornic - Rez\u00e9 - La Roche sur Yon - Angers - Rennes' title='Contact - La Freelancerie - R\u00e9seau de communication - Nantes - Pornic - Rez\u00e9 - La Roche sur Yon - Angers - Rennes'  height=\"684\" width=\"845\"  itemprop=\"thumbnailUrl\" srcset=\"https:\/\/la-freelancerie.fr\/fr\/wp-content\/uploads\/2019\/12\/thought-catalog-505eectW54k-unsplash-845x684.jpg 845w, https:\/\/la-freelancerie.fr\/fr\/wp-content\/uploads\/2019\/12\/thought-catalog-505eectW54k-unsplash-495x400.jpg 495w\" sizes=\"(max-width: 845px) 100vw, 845px\" \/><\/div><\/div><\/div><\/p><\/div>\n<style type=\"text\/css\" data-created_by=\"avia_inline_auto\" id=\"style-css-av-f8s5p-62de9aa471575ed79305f994235b32c0\">\n.flex_column.av-f8s5p-62de9aa471575ed79305f994235b32c0{\nborder-radius:0px 0px 0px 0px;\n-webkit-border-radius:0px 0px 0px 0px;\n-moz-border-radius:0px 0px 0px 0px;\n}\n<\/style>\n<div class='flex_column av-f8s5p-62de9aa471575ed79305f994235b32c0 av_one_half  avia-builder-el-5  el_after_av_one_half  el_before_av_section  avia-builder-el-last  flex_column_div av-zero-column-padding '   ><form action=\"https:\/\/la-freelancerie.fr\/fr\/contact\/\" method=\"post\"  class=\"avia_ajax_form av-form-labels-visible   avia-builder-el-6  avia-builder-el-no-sibling   \" data-avia-form-id=\"1\" data-avia-redirect='' ><fieldset><p class='  first_form  form_element form_fullwidth' id='element_avia_1_1'><label for=\"avia_1_1\">Nom <abbr class=\"required\" title=\"requis(e)\">*<\/abbr><\/label> <input name=\"avia_1_1\" class=\"text_input is_empty\" type=\"text\" id=\"avia_1_1\" value=\"\" \/><\/p><p class='  first_form  form_element form_fullwidth' id='element_avia_2_1'><label for=\"avia_2_1\">Adresse mail <abbr class=\"required\" title=\"requis(e)\">*<\/abbr><\/label> <input name=\"avia_2_1\" class=\"text_input is_email\" type=\"text\" id=\"avia_2_1\" value=\"\" \/><\/p><p class='  first_form  form_element form_fullwidth' id='element_avia_3_1'><label for=\"avia_3_1\">T\u00e9l\u00e9phone <abbr class=\"required\" title=\"requis(e)\">*<\/abbr><\/label> <input name=\"avia_3_1\" class=\"text_input is_phone\" type=\"text\" id=\"avia_3_1\" value=\"\" \/><\/p><p class='  first_form  form_element form_fullwidth' id='element_avia_4_1'><label for=\"avia_4_1\" class=\"textare_label hidden textare_label_avia_4_1\">Message <abbr class=\"required\" title=\"requis(e)\">*<\/abbr><\/label><textarea  name=\"avia_4_1\" class=\"text_area is_empty\" cols=\"40\" rows=\"7\" id=\"avia_4_1\" ><\/textarea><\/p><p class=\"hidden\"><input type=\"text\" name=\"avia_5_1\" class=\"hidden \" id=\"avia_5_1\" value=\"\" \/><\/p><div id='avia_6_1' class='av-recaptcha-area  first_form  form_element form_fullwidth '  data-container_class=\"\" data-custom_class=\"\" data-context=\"av_contact_form\" data-token_input=\"av_recaptcha_token\" data-version=\"avia_recaptcha_v3\" data-theme=\"light\" data-size=\"normal\" data-score=\"0.5\" data-text_to_preview=\"\" data-value=\"\"><div class=\"av-google-badge-message hidden\">Ce site est prot\u00e9g\u00e9 par reCAPTCHA et la <a href=\"https:\/\/policies.google.com\/privacy\">politique de confidentialit\u00e9<\/a> de Google et <a href=\"https:\/\/policies.google.com\/terms\">leur conditions d\u2019utilisation<\/a> s\u2019appliquent.<\/div><\/div><p class=\"form_element \"><input type=\"hidden\" value=\"1\" name=\"avia_generated_form1\" \/><input type=\"submit\" value=\"Valider\" class=\"button\"  data-sending-label=\"Envoi\"\/><\/p><\/fieldset><div class=\"avia-disabled-form\">Ce formulaire est d\u00e9sactiv\u00e9 dans la mesure o\u00f9 vous refusez d\u2019accepter le service Google reCAPTCHA n\u00e9cessaire pour valider toute exp\u00e9dition de message depuis celui-ci.<\/div><\/form><div id=\"ajaxresponse_1\" class=\"ajaxresponse ajaxresponse_1 hidden\"><\/div><\/div><\/p>\n<\/div><\/div><\/div><!-- close content main div --><\/div><\/div>\n<style type=\"text\/css\" data-created_by=\"avia_inline_auto\" id=\"style-css-av-av_section-8e0265b15965e8e3cf28cf0f58111d36\">\n.avia-section.av-av_section-8e0265b15965e8e3cf28cf0f58111d36 .av-parallax .av-parallax-inner{\nbackground-repeat:no-repeat;\nbackground-image:url(https:\/\/la-freelancerie.fr\/fr\/wp-content\/uploads\/2021\/10\/la-freelancerie-agence-de-communication-nantes-vendee-pornic-rennes-angers-scaled.jpg);\nbackground-position:50% 0%;\nbackground-attachment:scroll;\n}\n.avia-section.av-av_section-8e0265b15965e8e3cf28cf0f58111d36 .av-section-color-overlay{\nopacity:0.8;\nbackground-color:#a6d3b9;\n}\n<\/style>\n<div id='av_section_2'  class='avia-section av-av_section-8e0265b15965e8e3cf28cf0f58111d36 main_color avia-section-default avia-no-border-styling  avia-builder-el-7  el_after_av_one_half  avia-builder-el-last  av-parallax-section avia-bg-style-parallax av-section-color-overlay-active av-minimum-height av-minimum-height-custom  container_wrap fullsize'  data-section-bg-repeat='no-repeat'><div class='av-parallax' data-avia-parallax-ratio='0.3' ><div class='av-parallax-inner main_color avia-full-stretch'><\/div><\/div><div class='av-section-color-overlay-wrap'><div class=\"av-section-color-overlay\"><\/div><div class='container av-section-cont-open' style='height:400px'><div class='template-page content  av-content-full alpha units'><div class='post-entry post-entry-type-page post-entry-81'><div class='entry-content-wrapper clearfix'>\n\n<style type=\"text\/css\" data-created_by=\"avia_inline_auto\" id=\"style-css-av-av_one_half-a6db8fe9dec15cfe34ca20699babb6a9\">\n.flex_column.av-av_one_half-a6db8fe9dec15cfe34ca20699babb6a9{\nborder-radius:0px 0px 0px 0px;\n-webkit-border-radius:0px 0px 0px 0px;\n-moz-border-radius:0px 0px 0px 0px;\n}\n<\/style>\n<div class='flex_column av-av_one_half-a6db8fe9dec15cfe34ca20699babb6a9 av_one_half  avia-builder-el-8  el_before_av_one_half  avia-builder-el-first  first flex_column_div av-zero-column-padding '   ><section  class='av_textblock_section av-av_textblock-e878f05c31dff72941bf1e49a00d9ff5'  itemscope=\"itemscope\" itemtype=\"https:\/\/schema.org\/CreativeWork\" ><div class='avia_textblock'  itemprop=\"text\" ><p style=\"text-align: center;\"><span style=\"font-size: 14pt;\"><span style=\"font-family: poppins-black;\">Suis LA FREELANCERIE sur les r\u00e9seaux sociaux<\/span><span style=\"font-family: poppins-medium;\">,<\/span><br \/>\n<span style=\"font-family: poppins-light;\">D\u00e9couvre nos actualit\u00e9s !<\/span><\/span><\/p>\n<\/div><\/section><br \/>\n<div  class='avia-buttonrow-wrap av-av_buttonrow-c1f5867b7ffc00948c28bb6b86477409 avia-buttonrow-center  avia-builder-el-10  el_after_av_textblock  avia-builder-el-last '>\n\n<style type=\"text\/css\" data-created_by=\"avia_inline_auto\" id=\"style-css-av-av_buttonrow_item-ebce393ccc6329f3b08e8349a52d8755\">\n#top #wrap_all .avia-button.av-av_buttonrow_item-ebce393ccc6329f3b08e8349a52d8755{\nborder-style:none;\nborder-width:0 0 0 0;\ntransition:all 0.4s ease-in-out;\n-webkit-transition:all 0.4s ease-in-out;\n-moz-transition:all 0.4s ease-in-out;\n-ms-transition:all 0.4s ease-in-out;\n-o-transition:all 0.4s ease-in-out;\nmargin-bottom:5px;\nmargin-right:3px;\nmargin-left:3px;\n}\n<\/style>\n<a href='https:\/\/www.linkedin.com\/company\/la-freelancerie' class='avia-button av-av_buttonrow_item-ebce393ccc6329f3b08e8349a52d8755 avia-icon_select-yes-left-icon avia-size-medium av-icon-on-hover avia-color-white' target=\"_blank\" rel=\"noopener noreferrer\"><span class='avia_button_icon avia_button_icon_left ' aria-hidden='true' data-av_icon='\ue8fd' data-av_iconfont='entypo-fontello'><\/span><span class='avia_iconbox_title' >Linkedin<\/span><\/a>\n\n<style type=\"text\/css\" data-created_by=\"avia_inline_auto\" id=\"style-css-av-av_buttonrow_item-509242b7312d9705c672367fd601fad6\">\n#top #wrap_all .avia-button.av-av_buttonrow_item-509242b7312d9705c672367fd601fad6{\nborder-style:none;\nborder-width:0 0 0 0;\ntransition:all 0.4s ease-in-out;\n-webkit-transition:all 0.4s ease-in-out;\n-moz-transition:all 0.4s ease-in-out;\n-ms-transition:all 0.4s ease-in-out;\n-o-transition:all 0.4s ease-in-out;\nmargin-bottom:5px;\nmargin-right:3px;\nmargin-left:3px;\n}\n<\/style>\n<a href='https:\/\/www.facebook.com\/lafreelancerie\/' class='avia-button av-av_buttonrow_item-509242b7312d9705c672367fd601fad6 avia-icon_select-yes-left-icon avia-size-medium av-icon-on-hover avia-color-white' target=\"_blank\" rel=\"noopener noreferrer\"><span class='avia_button_icon avia_button_icon_left ' aria-hidden='true' data-av_icon='\ue8f4' data-av_iconfont='entypo-fontello'><\/span><span class='avia_iconbox_title' >Facebook<\/span><\/a>\n\n<style type=\"text\/css\" data-created_by=\"avia_inline_auto\" id=\"style-css-av-av_buttonrow_item-b0bc77168e50a6632596a03f00cdd04c\">\n#top #wrap_all .avia-button.av-av_buttonrow_item-b0bc77168e50a6632596a03f00cdd04c{\nborder-style:none;\nborder-width:0 0 0 0;\ntransition:all 0.4s ease-in-out;\n-webkit-transition:all 0.4s ease-in-out;\n-moz-transition:all 0.4s ease-in-out;\n-ms-transition:all 0.4s ease-in-out;\n-o-transition:all 0.4s ease-in-out;\nmargin-bottom:5px;\nmargin-right:3px;\nmargin-left:3px;\n}\n<\/style>\n<a href='https:\/\/www.instagram.com\/lafreelancerie' class='avia-button av-av_buttonrow_item-b0bc77168e50a6632596a03f00cdd04c avia-icon_select-yes-left-icon avia-size-medium av-icon-on-hover avia-color-white' target=\"_blank\" rel=\"noopener noreferrer\"><span class='avia_button_icon avia_button_icon_left ' aria-hidden='true' data-av_icon='\ue909' data-av_iconfont='entypo-fontello'><\/span><span class='avia_iconbox_title' >Instagram<\/span><\/a>\n<\/div><\/p><\/div>\n<style type=\"text\/css\" data-created_by=\"avia_inline_auto\" id=\"style-css-av-av_one_half-03b1b3871a8c17d3082733911134fe85\">\n.flex_column.av-av_one_half-03b1b3871a8c17d3082733911134fe85{\nborder-radius:0px 0px 0px 0px;\n-webkit-border-radius:0px 0px 0px 0px;\n-moz-border-radius:0px 0px 0px 0px;\n}\n<\/style>\n<div class='flex_column av-av_one_half-03b1b3871a8c17d3082733911134fe85 av_one_half  avia-builder-el-11  el_after_av_one_half  avia-builder-el-last  flex_column_div av-zero-column-padding '   ><section  class='av_textblock_section av-av_textblock-e878f05c31dff72941bf1e49a00d9ff5'  itemscope=\"itemscope\" itemtype=\"https:\/\/schema.org\/CreativeWork\" ><div class='avia_textblock'  itemprop=\"text\" ><p style=\"text-align: center;\"><span style=\"font-size: 14pt;\"><span style=\"font-family: poppins-black;\">Nous t&rsquo;aidons \u00e0 avoir une premi\u00e8re vision<br \/>\n<span style=\"font-family: poppins-light;\">de ton besoin.<\/span><\/span><br \/>\n<\/span><\/p>\n<\/div><\/section><br \/>\n<div  class='avia-buttonrow-wrap av-av_buttonrow-c1f5867b7ffc00948c28bb6b86477409 avia-buttonrow-center  avia-builder-el-13  el_after_av_textblock  avia-builder-el-last '>\n\n<style type=\"text\/css\" data-created_by=\"avia_inline_auto\" id=\"style-css-av-av_buttonrow_item-aa0d9e600f8827edfd1a223d1b0e482d\">\n#top #wrap_all .avia-button.av-av_buttonrow_item-aa0d9e600f8827edfd1a223d1b0e482d{\nborder-style:none;\nborder-width:0 0 0 0;\ntransition:all 0.4s ease-in-out;\n-webkit-transition:all 0.4s ease-in-out;\n-moz-transition:all 0.4s ease-in-out;\n-ms-transition:all 0.4s ease-in-out;\n-o-transition:all 0.4s ease-in-out;\nmargin-bottom:5px;\nmargin-right:3px;\nmargin-left:3px;\n}\n<\/style>\n<a href='https:\/\/la-freelancerie.fr\/fr\/devis-en-ligne\/'  class='avia-button av-av_buttonrow_item-aa0d9e600f8827edfd1a223d1b0e482d avia-icon_select-yes-left-icon avia-size-medium av-icon-on-hover avia-color-white'  ><span class='avia_button_icon avia_button_icon_left ' aria-hidden='true' data-av_icon='\ue806' data-av_iconfont='entypo-fontello'><\/span><span class='avia_iconbox_title' >Devis en ligne<\/span><\/a>\n\n<style type=\"text\/css\" data-created_by=\"avia_inline_auto\" id=\"style-css-av-av_buttonrow_item-4c13b7b3c44f1f28c80aef41067bad34\">\n#top #wrap_all .avia-button.av-av_buttonrow_item-4c13b7b3c44f1f28c80aef41067bad34{\nborder-style:none;\nborder-width:0 0 0 0;\ntransition:all 0.4s ease-in-out;\n-webkit-transition:all 0.4s ease-in-out;\n-moz-transition:all 0.4s ease-in-out;\n-ms-transition:all 0.4s ease-in-out;\n-o-transition:all 0.4s ease-in-out;\nmargin-bottom:5px;\nmargin-right:3px;\nmargin-left:3px;\n}\n<\/style>\n<a href='https:\/\/la-freelancerie.fr\/fr\/contact\/'  class='avia-button av-av_buttonrow_item-4c13b7b3c44f1f28c80aef41067bad34 avia-icon_select-yes-left-icon avia-size-medium av-icon-on-hover avia-color-white'  target=\"_blank\"  rel=\"noopener noreferrer\" ><span class='avia_button_icon avia_button_icon_left ' aria-hidden='true' data-av_icon='\ue807' data-av_iconfont='entypo-fontello'><\/span><span class='avia_iconbox_title' >Nous contacter<\/span><\/a>\n<\/div><\/p><\/div>\n\n","protected":false},"excerpt":{"rendered":"","protected":false},"author":1,"featured_media":0,"parent":0,"menu_order":0,"comment_status":"closed","ping_status":"closed","template":"","meta":{"footnotes":""},"yoast_head":"<!-- This site is optimized with the Yoast SEO plugin v22.4 - https:\/\/yoast.com\/wordpress\/plugins\/seo\/ -->\n<title>Contact - La Freelancerie, collectif de freelances en communication<\/title>\n<meta name=\"description\" content=\"Contact - LA FREELANCERIE - Collectif en communication - Cr\u00e9ation de site internet - Logos - Vid\u00e9os - Formations - Devis gratuit !\" \/>\n<meta name=\"robots\" content=\"index, follow, max-snippet:-1, max-image-preview:large, max-video-preview:-1\" \/>\n<link rel=\"canonical\" href=\"https:\/\/la-freelancerie.fr\/contact\/\" \/>\n<meta property=\"og:locale\" content=\"fr_FR\" \/>\n<meta property=\"og:type\" content=\"article\" \/>\n<meta property=\"og:title\" content=\"Contact - La Freelancerie, collectif de freelances en communication\" \/>\n<meta property=\"og:description\" content=\"Contact - LA FREELANCERIE - Collectif en communication - Cr\u00e9ation de site internet - Logos - Vid\u00e9os - Formations - Devis gratuit !\" \/>\n<meta property=\"og:url\" content=\"https:\/\/la-freelancerie.fr\/contact\/\" \/>\n<meta property=\"og:site_name\" content=\"LA FREELANCERIE\" \/>\n<meta property=\"article:modified_time\" content=\"2023-06-28T13:40:57+00:00\" \/>\n<meta name=\"twitter:card\" content=\"summary_large_image\" \/>\n<meta name=\"twitter:label1\" content=\"Dur\u00e9e de lecture estim\u00e9e\" \/>\n\t<meta name=\"twitter:data1\" content=\"4 minutes\" \/>\n<script type=\"application\/ld+json\" class=\"yoast-schema-graph\">{\"@context\":\"https:\/\/schema.org\",\"@graph\":[{\"@type\":\"WebPage\",\"@id\":\"https:\/\/la-freelancerie.fr\/contact\/\",\"url\":\"https:\/\/la-freelancerie.fr\/contact\/\",\"name\":\"Contact - La Freelancerie, collectif de freelances en communication\",\"isPartOf\":{\"@id\":\"https:\/\/la-freelancerie.fr\/fr\/#website\"},\"datePublished\":\"2019-11-13T07:30:31+00:00\",\"dateModified\":\"2023-06-28T13:40:57+00:00\",\"description\":\"Contact - LA FREELANCERIE - Collectif en communication - Cr\u00e9ation de site internet - Logos - Vid\u00e9os - Formations - Devis gratuit !\",\"breadcrumb\":{\"@id\":\"https:\/\/la-freelancerie.fr\/contact\/#breadcrumb\"},\"inLanguage\":\"fr-FR\",\"potentialAction\":[{\"@type\":\"ReadAction\",\"target\":[\"https:\/\/la-freelancerie.fr\/contact\/\"]}]},{\"@type\":\"BreadcrumbList\",\"@id\":\"https:\/\/la-freelancerie.fr\/contact\/#breadcrumb\",\"itemListElement\":[{\"@type\":\"ListItem\",\"position\":1,\"name\":\"Accueil\",\"item\":\"https:\/\/la-freelancerie.fr\/la-freelancerie\/\"},{\"@type\":\"ListItem\",\"position\":2,\"name\":\"CONTACT\"}]},{\"@type\":\"WebSite\",\"@id\":\"https:\/\/la-freelancerie.fr\/fr\/#website\",\"url\":\"https:\/\/la-freelancerie.fr\/fr\/\",\"name\":\"LA FREELANCERIE\",\"description\":\"Communication\",\"potentialAction\":[{\"@type\":\"SearchAction\",\"target\":{\"@type\":\"EntryPoint\",\"urlTemplate\":\"https:\/\/la-freelancerie.fr\/fr\/?s={search_term_string}\"},\"query-input\":\"required name=search_term_string\"}],\"inLanguage\":\"fr-FR\"}]}<\/script>\n<!-- \/ Yoast SEO plugin. -->","yoast_head_json":{"title":"Contact - La Freelancerie, collectif de freelances en communication","description":"Contact - LA FREELANCERIE - Collectif en communication - Cr\u00e9ation de site internet - Logos - Vid\u00e9os - Formations - Devis gratuit !","robots":{"index":"index","follow":"follow","max-snippet":"max-snippet:-1","max-image-preview":"max-image-preview:large","max-video-preview":"max-video-preview:-1"},"canonical":"https:\/\/la-freelancerie.fr\/contact\/","og_locale":"fr_FR","og_type":"article","og_title":"Contact - La Freelancerie, collectif de freelances en communication","og_description":"Contact - LA FREELANCERIE - Collectif en communication - Cr\u00e9ation de site internet - Logos - Vid\u00e9os - Formations - Devis gratuit !","og_url":"https:\/\/la-freelancerie.fr\/contact\/","og_site_name":"LA FREELANCERIE","article_modified_time":"2023-06-28T13:40:57+00:00","twitter_card":"summary_large_image","twitter_misc":{"Dur\u00e9e de lecture estim\u00e9e":"4 minutes"},"schema":{"@context":"https:\/\/schema.org","@graph":[{"@type":"WebPage","@id":"https:\/\/la-freelancerie.fr\/contact\/","url":"https:\/\/la-freelancerie.fr\/contact\/","name":"Contact - La Freelancerie, collectif de freelances en communication","isPartOf":{"@id":"https:\/\/la-freelancerie.fr\/fr\/#website"},"datePublished":"2019-11-13T07:30:31+00:00","dateModified":"2023-06-28T13:40:57+00:00","description":"Contact - LA FREELANCERIE - Collectif en communication - Cr\u00e9ation de site internet - Logos - Vid\u00e9os - Formations - Devis gratuit !","breadcrumb":{"@id":"https:\/\/la-freelancerie.fr\/contact\/#breadcrumb"},"inLanguage":"fr-FR","potentialAction":[{"@type":"ReadAction","target":["https:\/\/la-freelancerie.fr\/contact\/"]}]},{"@type":"BreadcrumbList","@id":"https:\/\/la-freelancerie.fr\/contact\/#breadcrumb","itemListElement":[{"@type":"ListItem","position":1,"name":"Accueil","item":"https:\/\/la-freelancerie.fr\/la-freelancerie\/"},{"@type":"ListItem","position":2,"name":"CONTACT"}]},{"@type":"WebSite","@id":"https:\/\/la-freelancerie.fr\/fr\/#website","url":"https:\/\/la-freelancerie.fr\/fr\/","name":"LA FREELANCERIE","description":"Communication","potentialAction":[{"@type":"SearchAction","target":{"@type":"EntryPoint","urlTemplate":"https:\/\/la-freelancerie.fr\/fr\/?s={search_term_string}"},"query-input":"required name=search_term_string"}],"inLanguage":"fr-FR"}]}},"_links":{"self":[{"href":"https:\/\/la-freelancerie.fr\/fr\/wp-json\/wp\/v2\/pages\/81"}],"collection":[{"href":"https:\/\/la-freelancerie.fr\/fr\/wp-json\/wp\/v2\/pages"}],"about":[{"href":"https:\/\/la-freelancerie.fr\/fr\/wp-json\/wp\/v2\/types\/page"}],"author":[{"embeddable":true,"href":"https:\/\/la-freelancerie.fr\/fr\/wp-json\/wp\/v2\/users\/1"}],"replies":[{"embeddable":true,"href":"https:\/\/la-freelancerie.fr\/fr\/wp-json\/wp\/v2\/comments?post=81"}],"version-history":[{"count":15,"href":"https:\/\/la-freelancerie.fr\/fr\/wp-json\/wp\/v2\/pages\/81\/revisions"}],"predecessor-version":[{"id":2440,"href":"https:\/\/la-freelancerie.fr\/fr\/wp-json\/wp\/v2\/pages\/81\/revisions\/2440"}],"wp:attachment":[{"href":"https:\/\/la-freelancerie.fr\/fr\/wp-json\/wp\/v2\/media?parent=81"}],"curies":[{"name":"wp","href":"https:\/\/api.w.org\/{rel}","templated":true}]}}