{"id":219,"date":"2019-12-03T11:03:30","date_gmt":"2019-12-03T10:03:30","guid":{"rendered":"https:\/\/la-freelancerie.fr\/fr\/?page_id=219"},"modified":"2022-06-17T12:21:23","modified_gmt":"2022-06-17T10:21:23","slug":"mentions-legales","status":"publish","type":"page","link":"https:\/\/la-freelancerie.fr\/fr\/mentions-legales\/","title":{"rendered":"MENTIONS L\u00c9GALES"},"content":{"rendered":"<h1><span style=\"font-family: poppins-black; color: #076f7b;\">Mentions L\u00e9gales<\/span><\/h1>\n<p><span style=\"font-family: poppins-light;\">Merci de lire avec attention les diff\u00e9rentes modalit\u00e9s d\u2019utilisation du pr\u00e9sent site avant d\u2019y parcourir ses pages. En vous connectant sur ce site, vous acceptez sans r\u00e9serves les pr\u00e9sentes modalit\u00e9s. Aussi, conform\u00e9ment \u00e0 l\u2019article n\u00b06 de la Loi n\u00b02004-575 du 21 Juin 2004 pour la confiance dans l\u2019\u00e9conomie num\u00e9rique, les responsables du pr\u00e9sent site internet\u00a0<a href=\"http:\/\/www.la-freelancerie.fr\/fr\/\">www.la-freelancerie.fr\/fr<\/a>\u00a0sont :<\/span><\/p>\n<h2><span style=\"font-family: poppins-light;\">\u00c9DITEUR DU SITE :<\/span><\/h2>\n<p><span style=\"font-family: poppins-light;\"><strong>LA FREELANCERIE<\/strong> \u2013 LF D\u00e9veloppement repr\u00e9sent\u00e9 par M. Fran\u00e7ois LE.<\/span><br \/>\n<span style=\"font-family: poppins-light;\">SARL, au capital social de 10.000\u20ac<\/span><br \/>\n<span style=\"font-family: poppins-light;\">Num\u00e9ro Siret : 887 988 822 000 11<\/span><br \/>\n<span style=\"font-family: poppins-light;\">Rue Georges Cl\u00e9menceau &#8211; 44340 BOUGUENAIS<\/span><br \/>\n<span style=\"font-family: poppins-light;\">Email : contact@la-freelancerie.fr<\/span><br \/>\n<span style=\"font-family: poppins-light;\">Site Web :\u00a0<a href=\"http:\/\/www.la-freelancerie.fr\/fr\/\">www.la-freelancerie.fr\/fr<\/a><\/span><\/p>\n<p><span style=\"font-family: poppins-light;\"><strong>Directeur de publication<\/strong> : M. LE Fran\u00e7ois<\/span><\/p>\n<h2><span style=\"font-family: poppins-light;\">H\u00c9BERGEMENT :<\/span><\/h2>\n<p><span style=\"font-family: poppins-light;\">H\u00e9bergeur : Synoptik Labs SAS &#8211; 75000 PARIS &#8211; Site Web :\u00a0<a href=\"https:\/\/www.synoptik-labs.com\">www.synoptik-labs.com<\/a><\/span><\/p>\n<h2><span style=\"font-family: poppins-light;\">CONDITIONS D\u2019UTILISATION :<\/span><\/h2>\n<p><span style=\"font-family: poppins-light;\">Ce site (<a href=\"http:\/\/www.la-freelancerie.fr\/fr\/\">www.la-freelancerie.fr\/fr<\/a>) est propos\u00e9 en diff\u00e9rents langages web (HTML, HTML5, Javascript, CSS, etc\u2026) pour un meilleur confort d\u2019utilisation et un graphisme plus agr\u00e9able, nous vous recommandons de recourir \u00e0 des navigateurs modernes comme Internet explorer, Safari, Firefox, Google Chrome, etc\u2026 Les mentions l\u00e9gales ont \u00e9t\u00e9 g\u00e9n\u00e9r\u00e9es sur le site\u00a0<a title=\"g\u00e9n\u00e9rateur de mentions l\u00e9gales pour site internet gratuit\" href=\"http:\/\/www.generateur-de-mentions-legales.com\/\">G\u00e9n\u00e9rateur de mentions l\u00e9gales<\/a>, offert par\u00a0<a title=\"imprimerie paris, imprimeur paris\" href=\"http:\/\/welye.com\/\">Welye<\/a>.\u00a0La Freelancerie<b>\u00a0<\/b>met en \u0153uvre tous les moyens dont elle dispose, pour assurer une information fiable et une mise \u00e0 jour fiable de ses sites internet. Toutefois, des erreurs ou omissions peuvent survenir. L\u2019internaute devra donc s\u2019assurer de l\u2019exactitude des informations aupr\u00e8s de , et signaler toutes modifications du site qu\u2019il jugerait utile. n\u2019est en aucun cas responsable de l\u2019utilisation faite de ces informations, et de tout pr\u00e9judice direct ou indirect pouvant en d\u00e9couler.\u00a0<b>Cookies<\/b>\u00a0: Le site <a href=\"http:\/\/www.la-freelancerie.fr\/fr\/\">www.la-freelancerie.fr\/fr<\/a>\u00a0peut-\u00eatre amen\u00e9 \u00e0 vous demander l\u2019acceptation des cookies pour des besoins de statistiques et d\u2019affichage. Un cookies est une information d\u00e9pos\u00e9e sur votre disque dur par le serveur du site que vous visitez. Il contient plusieurs donn\u00e9es qui sont stock\u00e9es sur votre ordinateur dans un simple fichier texte auquel un serveur acc\u00e8de pour lire et enregistrer des informations . Certaines parties de ce site ne peuvent \u00eatre fonctionnelles sans l\u2019acceptation de cookies.\u00a0<b>Liens hypertextes :<\/b>\u00a0Les sites internet de peuvent offrir des liens vers d\u2019autres sites internet ou d\u2019autres ressources disponibles sur Internet. La Freelancerie ne dispose d\u2019aucun moyen pour contr\u00f4ler les sites en connexion avec ses sites internet. ne r\u00e9pond pas de la disponibilit\u00e9 de tels sites et sources externes, ni ne la garantit. Elle ne peut \u00eatre tenue pour responsable de tout dommage, de quelque nature que ce soit, r\u00e9sultant du contenu de ces sites ou sources externes, et notamment des informations, produits ou services qu\u2019ils proposent, ou de tout usage qui peut \u00eatre fait de ces \u00e9l\u00e9ments. Les risques li\u00e9s \u00e0 cette utilisation incombent pleinement \u00e0 l\u2019internaute, qui doit se conformer \u00e0 leurs conditions d\u2019utilisation. Les utilisateurs, les abonn\u00e9s et les visiteurs des sites internet de ne peuvent mettre en place un hyperlien en direction de ce site sans l\u2019autorisation expresse et pr\u00e9alable de La Freelancerie. Dans l\u2019hypoth\u00e8se o\u00f9 un utilisateur ou visiteur souhaiterait mettre en place un hyperlien en direction d\u2019un des sites internet de La Freelancerie, il lui appartiendra d\u2019adresser un email accessible sur le site afin de formuler sa demande de mise en place d\u2019un hyperlien. La Freelancerie se r\u00e9serve le droit d\u2019accepter ou de refuser un hyperlien sans avoir \u00e0 en justifier sa d\u00e9cision.<\/span><\/p>\n<h2><span style=\"font-family: poppins-light;\">DROITS :<\/span><\/h2>\n<p><span style=\"font-family: poppins-light;\">Les photos sont prises par La Freelancerie et sur le site www.unsplash.com.<\/span><\/p>\n<h2><span style=\"font-family: poppins-light;\">SERVICES FOURNIS :<\/span><\/h2>\n<p><span style=\"font-family: poppins-light;\">L\u2019ensemble des activit\u00e9s ainsi que ses informations sont pr\u00e9sent\u00e9s sur notre site <a href=\"http:\/\/www.la-freelancerie.fr\/fr\/\">www.la-freelancerie.fr\/fr<\/a><\/span><\/p>\n<p><span style=\"font-family: poppins-light;\">La Freelancerie s\u2019efforce de fournir sur le site <a href=\"http:\/\/www.la-freelancerie.fr\/fr\/\">www.la-freelancerie.fr\/fr<\/a>\u00a0des informations aussi pr\u00e9cises que possible. les renseignements figurant sur le site <a href=\"http:\/\/www.la-freelancerie.fr\/fr\/\">www.la-freelancerie.fr\/fr<\/a>\u00a0ne sont pas exhaustifs et les photos non contractuelles. Ils sont donn\u00e9s sous r\u00e9serve de modifications ayant \u00e9t\u00e9 apport\u00e9es depuis leur mise en ligne. Par ailleurs, tous les informations indiqu\u00e9es sur le site <a href=\"http:\/\/www.la-freelancerie.fr\/fr\/\">www.la-freelancerie.fr\/fr<\/a>\u00a0sont donn\u00e9es \u00e0 titre indicatif, et sont susceptibles de changer ou d\u2019\u00e9voluer sans pr\u00e9avis.<\/span><\/p>\n<h2><span style=\"font-family: poppins-light;\">LIMITATION CONTRACTUELLES SUR LES DONN\u00c9ES :<\/span><\/h2>\n<p><span style=\"font-family: poppins-light;\">Les informations contenues sur ce site sont aussi pr\u00e9cises que possible et le site remis \u00e0 jour \u00e0 diff\u00e9rentes p\u00e9riodes de l\u2019ann\u00e9e, mais peut toutefois contenir des inexactitudes ou des omissions. Si vous constatez une lacune, erreur ou ce qui parait \u00eatre un dysfonctionnement, merci de bien vouloir le signaler par email, \u00e0 l\u2019adresse contact@la-freelancerie.fr, en d\u00e9crivant le probl\u00e8me de la mani\u00e8re la plus pr\u00e9cise possible (page posant probl\u00e8me, type d\u2019ordinateur et de navigateur utilis\u00e9, \u2026). Tout contenu t\u00e9l\u00e9charg\u00e9 se fait aux risques et p\u00e9rils de l\u2019utilisateur et sous sa seule responsabilit\u00e9. En cons\u00e9quence, ne saurait \u00eatre tenu responsable d\u2019un quelconque dommage subi par l\u2019ordinateur de l\u2019utilisateur ou d\u2019une quelconque perte de donn\u00e9es cons\u00e9cutives au t\u00e9l\u00e9chargement.\u00a0De plus, l\u2019utilisateur du site s\u2019engage \u00e0 acc\u00e9der au site en utilisant un mat\u00e9riel r\u00e9cent, ne contenant pas de virus et avec un navigateur de derni\u00e8re g\u00e9n\u00e9ration mis-\u00e0-jour\u00a0Les liens hypertextes mis en place dans le cadre du pr\u00e9sent site internet en direction d\u2019autres ressources pr\u00e9sentes sur le r\u00e9seau Internet ne sauraient engager la responsabilit\u00e9 de La Freelancerie.<\/span><\/p>\n<h2><span style=\"font-family: poppins-light;\">PROPRI\u00c9T\u00c9 INTELLECTUELLE :<\/span><\/h2>\n<p><span style=\"font-family: poppins-light;\">Tout le contenu du pr\u00e9sent sur le site <a href=\"http:\/\/www.la-freelancerie.fr\/fr\/\">www.la-freelancerie.fr\/fr<\/a>,\u00a0incluant, de fa\u00e7on non limitative, les graphismes, images, textes, vid\u00e9os, animations, sons, logos, gifs et ic\u00f4nes ainsi que leur mise en forme sont la propri\u00e9t\u00e9 exclusive de\u00a0La Freelancerie \u00e0 l\u2019exception des marques, logos ou contenus appartenant \u00e0 d\u2019autres soci\u00e9t\u00e9s partenaires ou auteurs. Toute reproduction, distribution, modification, adaptation, retransmission ou publication, m\u00eame partielle, de ces diff\u00e9rents \u00e9l\u00e9ments est strictement interdite sans l\u2019accord expr\u00e8s par \u00e9crit de La Freelancerie. Cette repr\u00e9sentation ou reproduction, par quelque proc\u00e9d\u00e9 que ce soit, constitue une contrefa\u00e7on sanctionn\u00e9e par les articles L.335-2 et suivants du Code de la propri\u00e9t\u00e9 intellectuelle. Le non-respect de cette interdiction constitue une contrefa\u00e7on pouvant engager la responsabilit\u00e9 civile et p\u00e9nale du contrefacteur. En outre, les propri\u00e9taires des Contenus copi\u00e9s pourraient intenter une action en justice \u00e0 votre encontre.<\/span><\/p>\n<h2><span style=\"font-family: poppins-light;\">D\u00c9CLARATION \u00c0 LA CNIL :<\/span><\/h2>\n<p><span style=\"font-family: poppins-light;\">Conform\u00e9ment \u00e0 la loi 78-17 du 6 janvier 1978 (modifi\u00e9e par la loi 2004-801 du 6 ao\u00fbt 2004 relative \u00e0 la protection des personnes physiques \u00e0 l\u2019\u00e9gard des traitements de donn\u00e9es \u00e0 caract\u00e8re personnel) relative \u00e0 l\u2019informatique, aux fichiers et aux libert\u00e9s, ce site a fait l\u2019objet d\u2019une d\u00e9claration aupr\u00e8s de la Commission nationale de l\u2019informatique et des libert\u00e9s (<a href=\"http:\/\/www.cnil.fr\/\">www.cnil.fr<\/a>).<\/span><\/p>\n<h2><span style=\"font-family: poppins-light;\">LITIGES :<\/span><\/h2>\n<p><span style=\"font-family: poppins-light;\">Les pr\u00e9sentes conditions du site <a href=\"http:\/\/www.la-freelancerie.fr\/fr\/\">www.la-freelancerie.fr\/fr<\/a>\u00a0sont r\u00e9gies par les lois fran\u00e7aises et toute contestation ou litiges qui pourraient na\u00eetre de l\u2019interpr\u00e9tation ou de l\u2019ex\u00e9cution de celles-ci seront de la comp\u00e9tence exclusive des tribunaux. La langue de r\u00e9f\u00e9rence, pour le r\u00e8glement de contentieux \u00e9ventuels, est le fran\u00e7ais.<\/span><\/p>\n<h2><span style=\"font-family: poppins-light;\">DONN\u00c9ES PERSONNELLES :<\/span><\/h2>\n<p><span style=\"font-family: poppins-light;\">De mani\u00e8re g\u00e9n\u00e9rale, vous n\u2019\u00eates pas tenu de nous communiquer vos donn\u00e9es personnelles lorsque vous visitez notre site Internet <a href=\"http:\/\/www.la-freelancerie.fr\/fr\/\">www.la-freelancerie.fr\/fr<\/a>.<\/span><\/p>\n","protected":false},"excerpt":{"rendered":"<p>Mentions L\u00e9gales Merci de lire avec attention les diff\u00e9rentes modalit\u00e9s d\u2019utilisation du pr\u00e9sent site avant d\u2019y parcourir ses pages. En vous connectant sur ce site, vous acceptez sans r\u00e9serves les pr\u00e9sentes modalit\u00e9s. Aussi, conform\u00e9ment \u00e0 l\u2019article n\u00b06 de la Loi n\u00b02004-575 du 21 Juin 2004 pour la confiance dans l\u2019\u00e9conomie num\u00e9rique, les responsables du pr\u00e9sent [&hellip;]<\/p>\n","protected":false},"author":1,"featured_media":0,"parent":0,"menu_order":0,"comment_status":"closed","ping_status":"closed","template":"","meta":{"footnotes":""},"yoast_head":"<!-- This site is optimized with the Yoast SEO plugin v22.4 - https:\/\/yoast.com\/wordpress\/plugins\/seo\/ -->\n<title>MENTIONS L\u00c9GALES - LA FREELANCERIE<\/title>\n<meta name=\"robots\" content=\"index, follow, max-snippet:-1, max-image-preview:large, max-video-preview:-1\" \/>\n<link rel=\"canonical\" href=\"https:\/\/la-freelancerie.fr\/mentions-legales\/\" \/>\n<meta property=\"og:locale\" content=\"fr_FR\" \/>\n<meta property=\"og:type\" content=\"article\" \/>\n<meta property=\"og:title\" content=\"MENTIONS L\u00c9GALES - LA FREELANCERIE\" \/>\n<meta property=\"og:description\" content=\"Mentions L\u00e9gales Merci de lire avec attention les diff\u00e9rentes modalit\u00e9s d\u2019utilisation du pr\u00e9sent site avant d\u2019y parcourir ses pages. En vous connectant sur ce site, vous acceptez sans r\u00e9serves les pr\u00e9sentes modalit\u00e9s. Aussi, conform\u00e9ment \u00e0 l\u2019article n\u00b06 de la Loi n\u00b02004-575 du 21 Juin 2004 pour la confiance dans l\u2019\u00e9conomie num\u00e9rique, les responsables du pr\u00e9sent [&hellip;]\" \/>\n<meta property=\"og:url\" content=\"https:\/\/la-freelancerie.fr\/mentions-legales\/\" \/>\n<meta property=\"og:site_name\" content=\"LA FREELANCERIE\" \/>\n<meta property=\"article:modified_time\" content=\"2022-06-17T10:21:23+00:00\" \/>\n<meta name=\"twitter:card\" content=\"summary_large_image\" \/>\n<meta name=\"twitter:label1\" content=\"Dur\u00e9e de lecture estim\u00e9e\" \/>\n\t<meta name=\"twitter:data1\" content=\"6 minutes\" \/>\n<script type=\"application\/ld+json\" class=\"yoast-schema-graph\">{\"@context\":\"https:\/\/schema.org\",\"@graph\":[{\"@type\":\"WebPage\",\"@id\":\"https:\/\/la-freelancerie.fr\/mentions-legales\/\",\"url\":\"https:\/\/la-freelancerie.fr\/mentions-legales\/\",\"name\":\"MENTIONS L\u00c9GALES - LA FREELANCERIE\",\"isPartOf\":{\"@id\":\"https:\/\/la-freelancerie.fr\/fr\/#website\"},\"datePublished\":\"2019-12-03T10:03:30+00:00\",\"dateModified\":\"2022-06-17T10:21:23+00:00\",\"breadcrumb\":{\"@id\":\"https:\/\/la-freelancerie.fr\/mentions-legales\/#breadcrumb\"},\"inLanguage\":\"fr-FR\",\"potentialAction\":[{\"@type\":\"ReadAction\",\"target\":[\"https:\/\/la-freelancerie.fr\/mentions-legales\/\"]}]},{\"@type\":\"BreadcrumbList\",\"@id\":\"https:\/\/la-freelancerie.fr\/mentions-legales\/#breadcrumb\",\"itemListElement\":[{\"@type\":\"ListItem\",\"position\":1,\"name\":\"Accueil\",\"item\":\"https:\/\/la-freelancerie.fr\/la-freelancerie\/\"},{\"@type\":\"ListItem\",\"position\":2,\"name\":\"MENTIONS L\u00c9GALES\"}]},{\"@type\":\"WebSite\",\"@id\":\"https:\/\/la-freelancerie.fr\/fr\/#website\",\"url\":\"https:\/\/la-freelancerie.fr\/fr\/\",\"name\":\"LA FREELANCERIE\",\"description\":\"Communication\",\"potentialAction\":[{\"@type\":\"SearchAction\",\"target\":{\"@type\":\"EntryPoint\",\"urlTemplate\":\"https:\/\/la-freelancerie.fr\/fr\/?s={search_term_string}\"},\"query-input\":\"required name=search_term_string\"}],\"inLanguage\":\"fr-FR\"}]}<\/script>\n<!-- \/ Yoast SEO plugin. -->","yoast_head_json":{"title":"MENTIONS L\u00c9GALES - LA FREELANCERIE","robots":{"index":"index","follow":"follow","max-snippet":"max-snippet:-1","max-image-preview":"max-image-preview:large","max-video-preview":"max-video-preview:-1"},"canonical":"https:\/\/la-freelancerie.fr\/mentions-legales\/","og_locale":"fr_FR","og_type":"article","og_title":"MENTIONS L\u00c9GALES - LA FREELANCERIE","og_description":"Mentions L\u00e9gales Merci de lire avec attention les diff\u00e9rentes modalit\u00e9s d\u2019utilisation du pr\u00e9sent site avant d\u2019y parcourir ses pages. En vous connectant sur ce site, vous acceptez sans r\u00e9serves les pr\u00e9sentes modalit\u00e9s. Aussi, conform\u00e9ment \u00e0 l\u2019article n\u00b06 de la Loi n\u00b02004-575 du 21 Juin 2004 pour la confiance dans l\u2019\u00e9conomie num\u00e9rique, les responsables du pr\u00e9sent [&hellip;]","og_url":"https:\/\/la-freelancerie.fr\/mentions-legales\/","og_site_name":"LA FREELANCERIE","article_modified_time":"2022-06-17T10:21:23+00:00","twitter_card":"summary_large_image","twitter_misc":{"Dur\u00e9e de lecture estim\u00e9e":"6 minutes"},"schema":{"@context":"https:\/\/schema.org","@graph":[{"@type":"WebPage","@id":"https:\/\/la-freelancerie.fr\/mentions-legales\/","url":"https:\/\/la-freelancerie.fr\/mentions-legales\/","name":"MENTIONS L\u00c9GALES - LA FREELANCERIE","isPartOf":{"@id":"https:\/\/la-freelancerie.fr\/fr\/#website"},"datePublished":"2019-12-03T10:03:30+00:00","dateModified":"2022-06-17T10:21:23+00:00","breadcrumb":{"@id":"https:\/\/la-freelancerie.fr\/mentions-legales\/#breadcrumb"},"inLanguage":"fr-FR","potentialAction":[{"@type":"ReadAction","target":["https:\/\/la-freelancerie.fr\/mentions-legales\/"]}]},{"@type":"BreadcrumbList","@id":"https:\/\/la-freelancerie.fr\/mentions-legales\/#breadcrumb","itemListElement":[{"@type":"ListItem","position":1,"name":"Accueil","item":"https:\/\/la-freelancerie.fr\/la-freelancerie\/"},{"@type":"ListItem","position":2,"name":"MENTIONS L\u00c9GALES"}]},{"@type":"WebSite","@id":"https:\/\/la-freelancerie.fr\/fr\/#website","url":"https:\/\/la-freelancerie.fr\/fr\/","name":"LA FREELANCERIE","description":"Communication","potentialAction":[{"@type":"SearchAction","target":{"@type":"EntryPoint","urlTemplate":"https:\/\/la-freelancerie.fr\/fr\/?s={search_term_string}"},"query-input":"required name=search_term_string"}],"inLanguage":"fr-FR"}]}},"_links":{"self":[{"href":"https:\/\/la-freelancerie.fr\/fr\/wp-json\/wp\/v2\/pages\/219"}],"collection":[{"href":"https:\/\/la-freelancerie.fr\/fr\/wp-json\/wp\/v2\/pages"}],"about":[{"href":"https:\/\/la-freelancerie.fr\/fr\/wp-json\/wp\/v2\/types\/page"}],"author":[{"embeddable":true,"href":"https:\/\/la-freelancerie.fr\/fr\/wp-json\/wp\/v2\/users\/1"}],"replies":[{"embeddable":true,"href":"https:\/\/la-freelancerie.fr\/fr\/wp-json\/wp\/v2\/comments?post=219"}],"version-history":[{"count":9,"href":"https:\/\/la-freelancerie.fr\/fr\/wp-json\/wp\/v2\/pages\/219\/revisions"}],"predecessor-version":[{"id":2263,"href":"https:\/\/la-freelancerie.fr\/fr\/wp-json\/wp\/v2\/pages\/219\/revisions\/2263"}],"wp:attachment":[{"href":"https:\/\/la-freelancerie.fr\/fr\/wp-json\/wp\/v2\/media?parent=219"}],"curies":[{"name":"wp","href":"https:\/\/api.w.org\/{rel}","templated":true}]}}