{"id":1549,"date":"2021-04-19T17:06:52","date_gmt":"2021-04-19T15:06:52","guid":{"rendered":"https:\/\/la-freelancerie.fr\/fr\/?page_id=1549"},"modified":"2021-10-19T17:38:29","modified_gmt":"2021-10-19T15:38:29","slug":"nos-agences","status":"publish","type":"page","link":"https:\/\/la-freelancerie.fr\/fr\/nos-agences\/","title":{"rendered":"NOS AGENCES"},"content":{"rendered":"\n<style type=\"text\/css\" data-created_by=\"avia_inline_auto\" id=\"style-css-av-knoqapu8-1d55a3d89842dcd2bc3c08f2c738c5c8\">\n.avia-section.av-knoqapu8-1d55a3d89842dcd2bc3c08f2c738c5c8{\nbackground-repeat:no-repeat;\nbackground-image:url(https:\/\/la-freelancerie.fr\/fr\/wp-content\/uploads\/2019\/11\/LogoFichier-1.png);\nbackground-position:0% 0%;\nbackground-attachment:scroll;\n}\n<\/style>\n<div id='av_section_1'  class='avia-section av-knoqapu8-1d55a3d89842dcd2bc3c08f2c738c5c8 main_color avia-section-default avia-no-border-styling  avia-builder-el-0  el_before_av_section  avia-builder-el-first  avia-bg-style-scroll container_wrap fullsize'  data-section-bg-repeat='no-repeat'><div class='container av-section-cont-open' ><main  role=\"main\" itemprop=\"mainContentOfPage\"  class='template-page content  av-content-full alpha units'><div class='post-entry post-entry-type-page post-entry-1549'><div class='entry-content-wrapper clearfix'>\n<section  class='av_textblock_section av-knoqb8cd-5c2c6b0183003b4b9080da6ea2e69c83'  itemscope=\"itemscope\" itemtype=\"https:\/\/schema.org\/CreativeWork\" ><div class='avia_textblock'  itemprop=\"text\" ><h1 style=\"text-align: center;\"><span style=\"font-size: 24pt; font-family: poppins-black; color: #ffffff;\">NOS AGENCES<\/span><\/h1>\n<\/div><\/section>\n<\/div><\/div><\/main><!-- close content main element --><\/div><\/div><div id='av_section_2'  class='avia-section av-3xxcdp-450140d760da572a6b61bda5832a17c0 main_color avia-section-default avia-no-border-styling  avia-builder-el-2  el_after_av_section  avia-builder-el-last  avia-bg-style-scroll container_wrap fullsize'  ><div class='container av-section-cont-open' ><div class='template-page content  av-content-full alpha units'><div class='post-entry post-entry-type-page post-entry-1549'><div class='entry-content-wrapper clearfix'>\n\n<style type=\"text\/css\" data-created_by=\"avia_inline_auto\" id=\"style-css-av-204wul-98e31c5d26f7e3e4ddb66152dba01dc8\">\n.flex_column.av-204wul-98e31c5d26f7e3e4ddb66152dba01dc8{\nborder-radius:0px 0px 0px 0px;\n-webkit-border-radius:0px 0px 0px 0px;\n-moz-border-radius:0px 0px 0px 0px;\n}\n<\/style>\n<div class='flex_column av-204wul-98e31c5d26f7e3e4ddb66152dba01dc8 av_one_half  avia-builder-el-3  el_before_av_one_half  avia-builder-el-first  first flex_column_div av-zero-column-padding '   ><p><section  class='av_textblock_section av-knoqcplo-d0f2d0f8bc76dbb65b27da593f9df1df'  itemscope=\"itemscope\" itemtype=\"https:\/\/schema.org\/CreativeWork\" ><div class='avia_textblock'  itemprop=\"text\" ><p><span style=\"font-family: poppins-black;\"><strong><span style=\"font-size: 12pt;\">Agence de Bouguenais<\/span><\/strong><\/span><\/p>\n<p><span style=\"font-size: 12pt; font-family: poppins-light;\">26 rue des Pontreaux &#8211; 44340 BOUGUENAIS<\/span><\/p>\n<\/div><\/section><br \/>\n\n<style type=\"text\/css\" data-created_by=\"avia_inline_auto\" id=\"style-css-av-knoqdzso-40aca8ca0cff0a29b55966a4f6ea6d63\">\n.avia-image-container.av-knoqdzso-40aca8ca0cff0a29b55966a4f6ea6d63 .av-image-caption-overlay-center{\ncolor:#ffffff;\n}\n<\/style>\n<div  class='avia-image-container av-knoqdzso-40aca8ca0cff0a29b55966a4f6ea6d63 av-styling- avia-align-center  avia-builder-el-5  el_after_av_textblock  el_before_av_google_map  avia-builder-el-last '  itemprop=\"image\" itemscope=\"itemscope\" itemtype=\"https:\/\/schema.org\/ImageObject\" ><div class=\"avia-image-container-inner\"><div class=\"avia-image-overlay-wrap\"><img decoding=\"async\" class='wp-image-1545 avia-img-lazy-loading-not-1545 avia_image' src=\"https:\/\/la-freelancerie.fr\/fr\/wp-content\/uploads\/2021\/04\/agence-bouguenais-la-freelancerie-agence-de-communication.jpg\" alt='' title='agence-bouguenais-la-freelancerie-agence-de-communication'  height=\"320\" width=\"840\"  itemprop=\"thumbnailUrl\" srcset=\"https:\/\/la-freelancerie.fr\/fr\/wp-content\/uploads\/2021\/04\/agence-bouguenais-la-freelancerie-agence-de-communication.jpg 840w, https:\/\/la-freelancerie.fr\/fr\/wp-content\/uploads\/2021\/04\/agence-bouguenais-la-freelancerie-agence-de-communication-600x229.jpg 600w, https:\/\/la-freelancerie.fr\/fr\/wp-content\/uploads\/2021\/04\/agence-bouguenais-la-freelancerie-agence-de-communication-300x114.jpg 300w, https:\/\/la-freelancerie.fr\/fr\/wp-content\/uploads\/2021\/04\/agence-bouguenais-la-freelancerie-agence-de-communication-768x293.jpg 768w, https:\/\/la-freelancerie.fr\/fr\/wp-content\/uploads\/2021\/04\/agence-bouguenais-la-freelancerie-agence-de-communication-705x269.jpg 705w\" sizes=\"(max-width: 840px) 100vw, 840px\" \/><\/div><\/div><\/div><br \/>\n<div  class='av_gmaps_sc_main_wrap av_gmaps_main_wrap '><div id='av_gmap_0' class='avia-google-map-container avia-google-map-sc av_gmaps_show_unconditionally av-no-fallback-img ' data-mapid='av_gmap_0'  style='height: 400px;'><a class=\"av_gmaps_browser_disabled av_text_confirm_link av_text_confirm_link_visible\" href=\"https:\/\/www.google.com\/maps\/search\/?api=1&#038;query=26%20rue%20des%20Pontreaux%2044340%20BOUGUENAIS\" target=\"_blank\" rel=\"noopener\">Les cartes ont \u00e9t\u00e9 d\u00e9sactiv\u00e9es par le visiteur sur ce site. Cliquer pour ouvrir la carte dans une nouvelle fen\u00eatre.<\/a><\/div><\/div><\/p><\/div>\n<style type=\"text\/css\" data-created_by=\"avia_inline_auto\" id=\"style-css-av-2std25-8b6bb4764600b435022a38bb41601df5\">\n.flex_column.av-2std25-8b6bb4764600b435022a38bb41601df5{\nborder-radius:0px 0px 0px 0px;\n-webkit-border-radius:0px 0px 0px 0px;\n-moz-border-radius:0px 0px 0px 0px;\n}\n<\/style>\n<div class='flex_column av-2std25-8b6bb4764600b435022a38bb41601df5 av_one_half  avia-builder-el-7  el_after_av_one_half  avia-builder-el-last  flex_column_div av-zero-column-padding '   ><p><section  class='av_textblock_section av-knoqgbci-6427053f21c44dc053baf90eb7cefb9f'  itemscope=\"itemscope\" itemtype=\"https:\/\/schema.org\/CreativeWork\" ><div class='avia_textblock'  itemprop=\"text\" ><p><span style=\"font-family: poppins-black;\"><strong><span style=\"font-size: 12pt;\">Agence de Pornic<\/span><\/strong><\/span><\/p>\n<p><span style=\"font-size: 12pt; font-family: poppins-light;\">2 rue Georges Charpak &#8211; 44210 PORNIC<\/span><\/p>\n<\/div><\/section><br \/>\n\n<style type=\"text\/css\" data-created_by=\"avia_inline_auto\" id=\"style-css-av-knoqgm67-1accfd49351d8d9ed1fe6b3e98bfdc01\">\n.avia-image-container.av-knoqgm67-1accfd49351d8d9ed1fe6b3e98bfdc01 .av-image-caption-overlay-center{\ncolor:#ffffff;\n}\n<\/style>\n<div  class='avia-image-container av-knoqgm67-1accfd49351d8d9ed1fe6b3e98bfdc01 av-styling- avia-align-center  avia-builder-el-9  el_after_av_textblock  el_before_av_google_map  avia-builder-el-last '  itemprop=\"image\" itemscope=\"itemscope\" itemtype=\"https:\/\/schema.org\/ImageObject\" ><div class=\"avia-image-container-inner\"><div class=\"avia-image-overlay-wrap\"><img decoding=\"async\" class='wp-image-1516 avia-img-lazy-loading-not-1516 avia_image' src=\"https:\/\/la-freelancerie.fr\/fr\/wp-content\/uploads\/2021\/03\/image-article.jpg\" alt='' title='image-article'  height=\"320\" width=\"840\"  itemprop=\"thumbnailUrl\" srcset=\"https:\/\/la-freelancerie.fr\/fr\/wp-content\/uploads\/2021\/03\/image-article.jpg 840w, https:\/\/la-freelancerie.fr\/fr\/wp-content\/uploads\/2021\/03\/image-article-600x229.jpg 600w, https:\/\/la-freelancerie.fr\/fr\/wp-content\/uploads\/2021\/03\/image-article-300x114.jpg 300w, https:\/\/la-freelancerie.fr\/fr\/wp-content\/uploads\/2021\/03\/image-article-768x293.jpg 768w, https:\/\/la-freelancerie.fr\/fr\/wp-content\/uploads\/2021\/03\/image-article-705x269.jpg 705w\" sizes=\"(max-width: 840px) 100vw, 840px\" \/><\/div><\/div><\/div><br \/>\n<div  class='av_gmaps_sc_main_wrap av_gmaps_main_wrap '><div id='av_gmap_1' class='avia-google-map-container avia-google-map-sc av_gmaps_show_unconditionally av-no-fallback-img ' data-mapid='av_gmap_1'  style='height: 400px;'><a class=\"av_gmaps_browser_disabled av_text_confirm_link av_text_confirm_link_visible\" href=\"https:\/\/www.google.com\/maps\/search\/?api=1&#038;query=2%20rue%20Georges%20Charpak%2044210%20PORNIC\" target=\"_blank\" rel=\"noopener\">Les cartes ont \u00e9t\u00e9 d\u00e9sactiv\u00e9es par le visiteur sur ce site. Cliquer pour ouvrir la carte dans une nouvelle fen\u00eatre.<\/a><\/div><\/div><\/p><\/div><\/p>\n","protected":false},"excerpt":{"rendered":"","protected":false},"author":1,"featured_media":0,"parent":0,"menu_order":0,"comment_status":"closed","ping_status":"closed","template":"","meta":{"footnotes":""},"yoast_head":"<!-- This site is optimized with the Yoast SEO plugin v22.4 - https:\/\/yoast.com\/wordpress\/plugins\/seo\/ -->\n<title>Nos agences - LA FREELANCERIE Communication - Pornic \/ Bouguenais<\/title>\n<meta name=\"description\" content=\"Nos agences - LA FREELANCERIE Communication - Pornic \/ Bouguenais - Agence de communication \/ Agence web -\" \/>\n<meta name=\"robots\" content=\"index, follow, max-snippet:-1, max-image-preview:large, max-video-preview:-1\" \/>\n<link rel=\"canonical\" href=\"https:\/\/la-freelancerie.fr\/nos-agences\/\" \/>\n<meta property=\"og:locale\" content=\"fr_FR\" \/>\n<meta property=\"og:type\" content=\"article\" \/>\n<meta property=\"og:title\" content=\"Nos agences - LA FREELANCERIE Communication - Pornic \/ Bouguenais\" \/>\n<meta property=\"og:description\" content=\"Nos agences - LA FREELANCERIE Communication - Pornic \/ Bouguenais - Agence de communication \/ Agence web -\" \/>\n<meta property=\"og:url\" content=\"https:\/\/la-freelancerie.fr\/nos-agences\/\" \/>\n<meta property=\"og:site_name\" content=\"LA FREELANCERIE\" \/>\n<meta property=\"article:modified_time\" content=\"2021-10-19T15:38:29+00:00\" \/>\n<meta name=\"twitter:card\" content=\"summary_large_image\" \/>\n<script type=\"application\/ld+json\" class=\"yoast-schema-graph\">{\"@context\":\"https:\/\/schema.org\",\"@graph\":[{\"@type\":\"WebPage\",\"@id\":\"https:\/\/la-freelancerie.fr\/nos-agences\/\",\"url\":\"https:\/\/la-freelancerie.fr\/nos-agences\/\",\"name\":\"Nos agences - LA FREELANCERIE Communication - Pornic \/ Bouguenais\",\"isPartOf\":{\"@id\":\"https:\/\/la-freelancerie.fr\/fr\/#website\"},\"datePublished\":\"2021-04-19T15:06:52+00:00\",\"dateModified\":\"2021-10-19T15:38:29+00:00\",\"description\":\"Nos agences - LA FREELANCERIE Communication - Pornic \/ Bouguenais - Agence de communication \/ Agence web -\",\"breadcrumb\":{\"@id\":\"https:\/\/la-freelancerie.fr\/nos-agences\/#breadcrumb\"},\"inLanguage\":\"fr-FR\",\"potentialAction\":[{\"@type\":\"ReadAction\",\"target\":[\"https:\/\/la-freelancerie.fr\/nos-agences\/\"]}]},{\"@type\":\"BreadcrumbList\",\"@id\":\"https:\/\/la-freelancerie.fr\/nos-agences\/#breadcrumb\",\"itemListElement\":[{\"@type\":\"ListItem\",\"position\":1,\"name\":\"Accueil\",\"item\":\"https:\/\/la-freelancerie.fr\/la-freelancerie\/\"},{\"@type\":\"ListItem\",\"position\":2,\"name\":\"NOS AGENCES\"}]},{\"@type\":\"WebSite\",\"@id\":\"https:\/\/la-freelancerie.fr\/fr\/#website\",\"url\":\"https:\/\/la-freelancerie.fr\/fr\/\",\"name\":\"LA FREELANCERIE\",\"description\":\"Communication\",\"potentialAction\":[{\"@type\":\"SearchAction\",\"target\":{\"@type\":\"EntryPoint\",\"urlTemplate\":\"https:\/\/la-freelancerie.fr\/fr\/?s={search_term_string}\"},\"query-input\":\"required name=search_term_string\"}],\"inLanguage\":\"fr-FR\"}]}<\/script>\n<!-- \/ Yoast SEO plugin. -->","yoast_head_json":{"title":"Nos agences - LA FREELANCERIE Communication - Pornic \/ Bouguenais","description":"Nos agences - LA FREELANCERIE Communication - Pornic \/ Bouguenais - Agence de communication \/ Agence web -","robots":{"index":"index","follow":"follow","max-snippet":"max-snippet:-1","max-image-preview":"max-image-preview:large","max-video-preview":"max-video-preview:-1"},"canonical":"https:\/\/la-freelancerie.fr\/nos-agences\/","og_locale":"fr_FR","og_type":"article","og_title":"Nos agences - LA FREELANCERIE Communication - Pornic \/ Bouguenais","og_description":"Nos agences - LA FREELANCERIE Communication - Pornic \/ Bouguenais - Agence de communication \/ Agence web -","og_url":"https:\/\/la-freelancerie.fr\/nos-agences\/","og_site_name":"LA FREELANCERIE","article_modified_time":"2021-10-19T15:38:29+00:00","twitter_card":"summary_large_image","schema":{"@context":"https:\/\/schema.org","@graph":[{"@type":"WebPage","@id":"https:\/\/la-freelancerie.fr\/nos-agences\/","url":"https:\/\/la-freelancerie.fr\/nos-agences\/","name":"Nos agences - LA FREELANCERIE Communication - Pornic \/ Bouguenais","isPartOf":{"@id":"https:\/\/la-freelancerie.fr\/fr\/#website"},"datePublished":"2021-04-19T15:06:52+00:00","dateModified":"2021-10-19T15:38:29+00:00","description":"Nos agences - LA FREELANCERIE Communication - Pornic \/ Bouguenais - Agence de communication \/ Agence web -","breadcrumb":{"@id":"https:\/\/la-freelancerie.fr\/nos-agences\/#breadcrumb"},"inLanguage":"fr-FR","potentialAction":[{"@type":"ReadAction","target":["https:\/\/la-freelancerie.fr\/nos-agences\/"]}]},{"@type":"BreadcrumbList","@id":"https:\/\/la-freelancerie.fr\/nos-agences\/#breadcrumb","itemListElement":[{"@type":"ListItem","position":1,"name":"Accueil","item":"https:\/\/la-freelancerie.fr\/la-freelancerie\/"},{"@type":"ListItem","position":2,"name":"NOS AGENCES"}]},{"@type":"WebSite","@id":"https:\/\/la-freelancerie.fr\/fr\/#website","url":"https:\/\/la-freelancerie.fr\/fr\/","name":"LA FREELANCERIE","description":"Communication","potentialAction":[{"@type":"SearchAction","target":{"@type":"EntryPoint","urlTemplate":"https:\/\/la-freelancerie.fr\/fr\/?s={search_term_string}"},"query-input":"required name=search_term_string"}],"inLanguage":"fr-FR"}]}},"_links":{"self":[{"href":"https:\/\/la-freelancerie.fr\/fr\/wp-json\/wp\/v2\/pages\/1549"}],"collection":[{"href":"https:\/\/la-freelancerie.fr\/fr\/wp-json\/wp\/v2\/pages"}],"about":[{"href":"https:\/\/la-freelancerie.fr\/fr\/wp-json\/wp\/v2\/types\/page"}],"author":[{"embeddable":true,"href":"https:\/\/la-freelancerie.fr\/fr\/wp-json\/wp\/v2\/users\/1"}],"replies":[{"embeddable":true,"href":"https:\/\/la-freelancerie.fr\/fr\/wp-json\/wp\/v2\/comments?post=1549"}],"version-history":[{"count":7,"href":"https:\/\/la-freelancerie.fr\/fr\/wp-json\/wp\/v2\/pages\/1549\/revisions"}],"predecessor-version":[{"id":1555,"href":"https:\/\/la-freelancerie.fr\/fr\/wp-json\/wp\/v2\/pages\/1549\/revisions\/1555"}],"wp:attachment":[{"href":"https:\/\/la-freelancerie.fr\/fr\/wp-json\/wp\/v2\/media?parent=1549"}],"curies":[{"name":"wp","href":"https:\/\/api.w.org\/{rel}","templated":true}]}}